{"id":15893,"date":"2021-04-30T04:07:06","date_gmt":"2021-04-30T04:07:06","guid":{"rendered":"https:\/\/wellenreiten-surfen.de\/?product=northcore-addiction-shortboard-fish-day-bag-surfboard-bag"},"modified":"2023-04-05T22:55:08","modified_gmt":"2023-04-05T22:55:08","slug":"northcore-addiction-shortboard-fish-day-bag-surfboard-bag","status":"publish","type":"product","link":"https:\/\/wellenreiten-surfen.de\/?product=northcore-addiction-shortboard-fish-day-bag-surfboard-bag","title":{"rendered":"Northcore Addiction Tasche f\u00fcr Shortboard\/Fisch Day Bag Surfbrett Tasche"},"content":{"rendered":"<p><!-- show up to 2 reviews by default --> <\/p>\n<p>Die Northcore Addiction Tasche f\u00fcr Shortboard\/Fish Day Bag Surfboard von Northcore. <\/p>\n<p>Hergestellt aus robustem, reflektierendem silbergrauem Material mit 600D Polyester-Material.<br \/>\nBreite Passform f\u00fcr alle Shortboard-Breiten. Innenbreite 24 &#8220;<br \/>\nModellnummer: NOCO48B<br \/>\nInnen und au\u00dfen wasserdicht Auf 5 mm aufgef\u00fcllt, um Dellen zu vermeiden<br \/>\nInklusive strapazierf\u00e4higem Kunststoff-Rei\u00dfverschluss, Trageschlaufe und Griff<br \/>\nErh\u00e4ltlich in den Gr\u00f6\u00dfen 6&#8217;0, 6&#8217;4 &#8222;, 6&#8217;8&#8243; und 7&#8217;0 &#8220;<br \/>\n<div class=\"main-cross-sell\" data-asin=\"B06WWG3CGB\">\n\n\t<div class=\"WooZone-cross-sell-loader\">\n\t\t<div>\n\t\t\t<div id=\"floatingBarsG\">\n\t\t\t\t<div class=\"blockG\" id=\"rotateG_01\"><\/div>\n\t\t\t\t<div class=\"blockG\" id=\"rotateG_02\"><\/div>\n\t\t\t\t<div class=\"blockG\" id=\"rotateG_03\"><\/div>\n\t\t\t\t<div class=\"blockG\" id=\"rotateG_04\"><\/div>\n\t\t\t\t<div class=\"blockG\" id=\"rotateG_05\"><\/div>\n\t\t\t\t<div class=\"blockG\" id=\"rotateG_06\"><\/div>\n\t\t\t\t<div class=\"blockG\" id=\"rotateG_07\"><\/div>\n\t\t\t\t<div class=\"blockG\" id=\"rotateG_08\"><\/div>\n\t\t\t<\/div>\n\t\t\t<div class=\"WooZone-cross-sell-loader-text\"><\/div>\n\t\t<\/div>\n\t<\/div>\n\n\t\t\n<\/div>\n<div style=\"clear:both;\"><\/div>\n","protected":false},"excerpt":{"rendered":"<p>Hergestellt aus robustem, reflektierendem silbergrauem Material mit 600D Polyester-Material.<br \/>\nBreite Passform f\u00fcr alle Shortboard-Breiten. Innenbreite 24 &#8220;<br \/>\nModellnummer: NOCO48B<\/p>\n","protected":false},"featured_media":15894,"comment_status":"open","ping_status":"closed","template":"","meta":[],"product_cat":[52],"product_tag":[],"_links":{"self":[{"href":"https:\/\/wellenreiten-surfen.de\/index.php?rest_route=\/wp\/v2\/product\/15893"}],"collection":[{"href":"https:\/\/wellenreiten-surfen.de\/index.php?rest_route=\/wp\/v2\/product"}],"about":[{"href":"https:\/\/wellenreiten-surfen.de\/index.php?rest_route=\/wp\/v2\/types\/product"}],"replies":[{"embeddable":true,"href":"https:\/\/wellenreiten-surfen.de\/index.php?rest_route=%2Fwp%2Fv2%2Fcomments&post=15893"}],"wp:featuredmedia":[{"embeddable":true,"href":"https:\/\/wellenreiten-surfen.de\/index.php?rest_route=\/wp\/v2\/media\/15894"}],"wp:attachment":[{"href":"https:\/\/wellenreiten-surfen.de\/index.php?rest_route=%2Fwp%2Fv2%2Fmedia&parent=15893"}],"wp:term":[{"taxonomy":"product_cat","embeddable":true,"href":"https:\/\/wellenreiten-surfen.de\/index.php?rest_route=%2Fwp%2Fv2%2Fproduct_cat&post=15893"},{"taxonomy":"product_tag","embeddable":true,"href":"https:\/\/wellenreiten-surfen.de\/index.php?rest_route=%2Fwp%2Fv2%2Fproduct_tag&post=15893"}],"curies":[{"name":"wp","href":"https:\/\/api.w.org\/{rel}","templated":true}]}}