{"id":15895,"date":"2021-04-30T04:07:07","date_gmt":"2021-04-30T04:07:07","guid":{"rendered":"https:\/\/wellenreiten-surfen.de\/?product=fcs-travel-surfboardtasche-mit-2-raedern-274-m-schwarz-grau"},"modified":"2023-04-05T22:55:08","modified_gmt":"2023-04-05T22:55:08","slug":"fcs-travel-surfboardtasche-mit-2-raedern-274-m-schwarz-grau","status":"publish","type":"product","link":"https:\/\/wellenreiten-surfen.de\/?product=fcs-travel-surfboardtasche-mit-2-raedern-274-m-schwarz-grau","title":{"rendered":"FCS Travel 2 Wheelie Longboard Surfboard Tasche schwarz\/grau 2,7 m"},"content":{"rendered":"<div id='gallery-1' class='gallery galleryid-15895 gallery-columns-3 gallery-size-thumbnail'><figure class='gallery-item'>\n\t\t\t<div class='gallery-icon landscape'>\n\t\t\t\t<a href='https:\/\/wellenreiten-surfen.de\/?attachment_id=15896'><img width=\"150\" height=\"150\" src=\"https:\/\/images-na.ssl-images-amazon.com\/images\/I\/31azYGTBdtL._SS150_.jpg\" class=\"attachment-thumbnail size-thumbnail\" alt=\"\" decoding=\"async\" loading=\"lazy\" srcset=\"https:\/\/images-na.ssl-images-amazon.com\/images\/I\/31azYGTBdtL._SS150_.jpg 150w, https:\/\/images-na.ssl-images-amazon.com\/images\/I\/31azYGTBdtL._SS300_.jpg 300w, https:\/\/images-na.ssl-images-amazon.com\/images\/I\/31azYGTBdtL._SS768_.jpg 768w, https:\/\/images-na.ssl-images-amazon.com\/images\/I\/31azYGTBdtL._SS1024_.jpg 1024w, https:\/\/images-na.ssl-images-amazon.com\/images\/I\/31azYGTBdtL._SS1536_.jpg 1536w, https:\/\/images-na.ssl-images-amazon.com\/images\/I\/31azYGTBdtL._SS2048_.jpg 2048w, https:\/\/images-na.ssl-images-amazon.com\/images\/I\/31azYGTBdtL._SS80_.jpg 80w, https:\/\/images-na.ssl-images-amazon.com\/images\/I\/31azYGTBdtL._SS200_.jpg 200w, https:\/\/images-na.ssl-images-amazon.com\/images\/I\/31azYGTBdtL.jpg 500w, https:\/\/images-na.ssl-images-amazon.com\/images\/I\/31azYGTBdtL._SS450_.jpg 450w, https:\/\/images-na.ssl-images-amazon.com\/images\/I\/31azYGTBdtL._SS1400_.jpg 1400w, https:\/\/images-na.ssl-images-amazon.com\/images\/I\/31azYGTBdtL._SS180_.jpg 180w, https:\/\/images-na.ssl-images-amazon.com\/images\/I\/31azYGTBdtL._SS600_.jpg 600w, https:\/\/images-na.ssl-images-amazon.com\/images\/I\/31azYGTBdtL._SS100_.jpg 100w\" sizes=\"(max-width: 150px) 100vw, 150px\" \/><\/a>\n\t\t\t<\/div><\/figure><figure class='gallery-item'>\n\t\t\t<div class='gallery-icon landscape'>\n\t\t\t\t<a href='https:\/\/wellenreiten-surfen.de\/?attachment_id=15897'><img width=\"150\" height=\"150\" src=\"https:\/\/images-na.ssl-images-amazon.com\/images\/I\/31VriTuSIcL._SS150_.jpg\" class=\"attachment-thumbnail size-thumbnail\" alt=\"\" decoding=\"async\" loading=\"lazy\" srcset=\"https:\/\/images-na.ssl-images-amazon.com\/images\/I\/31VriTuSIcL._SS150_.jpg 150w, https:\/\/images-na.ssl-images-amazon.com\/images\/I\/31VriTuSIcL._SS300_.jpg 300w, https:\/\/images-na.ssl-images-amazon.com\/images\/I\/31VriTuSIcL._SS768_.jpg 768w, https:\/\/images-na.ssl-images-amazon.com\/images\/I\/31VriTuSIcL._SS1024_.jpg 1024w, https:\/\/images-na.ssl-images-amazon.com\/images\/I\/31VriTuSIcL._SS1536_.jpg 1536w, https:\/\/images-na.ssl-images-amazon.com\/images\/I\/31VriTuSIcL._SS2048_.jpg 2048w, https:\/\/images-na.ssl-images-amazon.com\/images\/I\/31VriTuSIcL._SS80_.jpg 80w, https:\/\/images-na.ssl-images-amazon.com\/images\/I\/31VriTuSIcL._SS200_.jpg 200w, https:\/\/images-na.ssl-images-amazon.com\/images\/I\/31VriTuSIcL.jpg 500w, https:\/\/images-na.ssl-images-amazon.com\/images\/I\/31VriTuSIcL._SS450_.jpg 450w, https:\/\/images-na.ssl-images-amazon.com\/images\/I\/31VriTuSIcL._SS1400_.jpg 1400w, https:\/\/images-na.ssl-images-amazon.com\/images\/I\/31VriTuSIcL._SS180_.jpg 180w, https:\/\/images-na.ssl-images-amazon.com\/images\/I\/31VriTuSIcL._SS600_.jpg 600w, https:\/\/images-na.ssl-images-amazon.com\/images\/I\/31VriTuSIcL._SS100_.jpg 100w\" sizes=\"(max-width: 150px) 100vw, 150px\" \/><\/a>\n\t\t\t<\/div><\/figure><figure class='gallery-item'>\n\t\t\t<div class='gallery-icon landscape'>\n\t\t\t\t<a href='https:\/\/wellenreiten-surfen.de\/?attachment_id=15898'><img width=\"150\" height=\"150\" src=\"https:\/\/images-na.ssl-images-amazon.com\/images\/I\/41AvA8784rL._SS150_.jpg\" class=\"attachment-thumbnail size-thumbnail\" alt=\"\" decoding=\"async\" loading=\"lazy\" srcset=\"https:\/\/images-na.ssl-images-amazon.com\/images\/I\/41AvA8784rL._SS150_.jpg 150w, https:\/\/images-na.ssl-images-amazon.com\/images\/I\/41AvA8784rL._SS300_.jpg 300w, https:\/\/images-na.ssl-images-amazon.com\/images\/I\/41AvA8784rL._SS768_.jpg 768w, https:\/\/images-na.ssl-images-amazon.com\/images\/I\/41AvA8784rL._SS1024_.jpg 1024w, https:\/\/images-na.ssl-images-amazon.com\/images\/I\/41AvA8784rL._SS1536_.jpg 1536w, https:\/\/images-na.ssl-images-amazon.com\/images\/I\/41AvA8784rL._SS2048_.jpg 2048w, https:\/\/images-na.ssl-images-amazon.com\/images\/I\/41AvA8784rL._SS80_.jpg 80w, https:\/\/images-na.ssl-images-amazon.com\/images\/I\/41AvA8784rL._SS200_.jpg 200w, https:\/\/images-na.ssl-images-amazon.com\/images\/I\/41AvA8784rL.jpg 500w, https:\/\/images-na.ssl-images-amazon.com\/images\/I\/41AvA8784rL._SS450_.jpg 450w, https:\/\/images-na.ssl-images-amazon.com\/images\/I\/41AvA8784rL._SS1400_.jpg 1400w, https:\/\/images-na.ssl-images-amazon.com\/images\/I\/41AvA8784rL._SS180_.jpg 180w, https:\/\/images-na.ssl-images-amazon.com\/images\/I\/41AvA8784rL._SS600_.jpg 600w, https:\/\/images-na.ssl-images-amazon.com\/images\/I\/41AvA8784rL._SS100_.jpg 100w\" sizes=\"(max-width: 150px) 100vw, 150px\" \/><\/a>\n\t\t\t<\/div><\/figure>\n\t\t<\/div>\n<br \/>\nLeichtes Material; geringes Gewicht<br \/>\n10 mm dicke Polsterung am K\u00f6rper: bietet eine extra harte Schutzschicht gegen St\u00f6\u00dfe.<br \/>\n5 mm dicke Polsterung an der Nase: bietet eine harte Schutzschicht gegen St\u00f6\u00dfe.<br \/>\nRobuste Nylon-Schutzh\u00fclle: robuste Au\u00dfenschicht f\u00fcr zus\u00e4tzlichen Schutz.<br \/>\nGepolsterter Schienenschutz: interne Schutzschicht entlang des Rei\u00dfverschlusswegs verhindert Besch\u00e4digungen der Schiene.<br \/>\n<div class=\"main-cross-sell\" data-asin=\"B07NS24Q53\">\n\n\t<div class=\"WooZone-cross-sell-loader\">\n\t\t<div>\n\t\t\t<div id=\"floatingBarsG\">\n\t\t\t\t<div class=\"blockG\" id=\"rotateG_01\"><\/div>\n\t\t\t\t<div class=\"blockG\" id=\"rotateG_02\"><\/div>\n\t\t\t\t<div class=\"blockG\" id=\"rotateG_03\"><\/div>\n\t\t\t\t<div class=\"blockG\" id=\"rotateG_04\"><\/div>\n\t\t\t\t<div class=\"blockG\" id=\"rotateG_05\"><\/div>\n\t\t\t\t<div class=\"blockG\" id=\"rotateG_06\"><\/div>\n\t\t\t\t<div class=\"blockG\" id=\"rotateG_07\"><\/div>\n\t\t\t\t<div class=\"blockG\" id=\"rotateG_08\"><\/div>\n\t\t\t<\/div>\n\t\t\t<div class=\"WooZone-cross-sell-loader-text\"><\/div>\n\t\t<\/div>\n\t<\/div>\n\n\t\t\n<\/div>\n<div style=\"clear:both;\"><\/div>\n","protected":false},"excerpt":{"rendered":"<p>Leichtes Material; geringes Gewicht<br \/>\n10 mm dicke Polsterung am K\u00f6rper: bietet eine extra harte Schutzschicht gegen St\u00f6\u00dfe.<br \/>\n5 mm dicke Polsterung an der Nase: bietet eine harte Schutzschicht gegen St\u00f6\u00dfe.<\/p>\n","protected":false},"featured_media":15896,"comment_status":"open","ping_status":"closed","template":"","meta":[],"product_cat":[52],"product_tag":[],"_links":{"self":[{"href":"https:\/\/wellenreiten-surfen.de\/index.php?rest_route=\/wp\/v2\/product\/15895"}],"collection":[{"href":"https:\/\/wellenreiten-surfen.de\/index.php?rest_route=\/wp\/v2\/product"}],"about":[{"href":"https:\/\/wellenreiten-surfen.de\/index.php?rest_route=\/wp\/v2\/types\/product"}],"replies":[{"embeddable":true,"href":"https:\/\/wellenreiten-surfen.de\/index.php?rest_route=%2Fwp%2Fv2%2Fcomments&post=15895"}],"wp:featuredmedia":[{"embeddable":true,"href":"https:\/\/wellenreiten-surfen.de\/index.php?rest_route=\/wp\/v2\/media\/15896"}],"wp:attachment":[{"href":"https:\/\/wellenreiten-surfen.de\/index.php?rest_route=%2Fwp%2Fv2%2Fmedia&parent=15895"}],"wp:term":[{"taxonomy":"product_cat","embeddable":true,"href":"https:\/\/wellenreiten-surfen.de\/index.php?rest_route=%2Fwp%2Fv2%2Fproduct_cat&post=15895"},{"taxonomy":"product_tag","embeddable":true,"href":"https:\/\/wellenreiten-surfen.de\/index.php?rest_route=%2Fwp%2Fv2%2Fproduct_tag&post=15895"}],"curies":[{"name":"wp","href":"https:\/\/api.w.org\/{rel}","templated":true}]}}