{"id":15906,"date":"2021-04-30T04:07:10","date_gmt":"2021-04-30T04:07:10","guid":{"rendered":"https:\/\/wellenreiten-surfen.de\/?product=dakine-daylight-hybridtasche-weiss"},"modified":"2023-04-05T22:55:09","modified_gmt":"2023-04-05T22:55:09","slug":"dakine-daylight-hybridtasche-weiss","status":"publish","type":"product","link":"https:\/\/wellenreiten-surfen.de\/?product=dakine-daylight-hybridtasche-weiss","title":{"rendered":"Dakine Daylight Surfboard-Tasche, Hybrid"},"content":{"rendered":"<p><!-- show up to 2 reviews by default --> <\/p>\n<p>Die Daylight Surfboard-Tasche ist eine hochwertige Konstruktion und gepolsterte Leistung zu einem erschwinglichen Preis. Hergestellt aus hitzebest\u00e4ndigem Planenmaterial und 0,64 cm Polsterung, ist es eine perfekte Tasche f\u00fcr den Tag. Er verf\u00fcgt \u00fcber einen gepolsterten Schultergurt, eine Tasche und einen Flossenschlitz mit Rei\u00dfverschluss. <\/p>\n<p>Gro\u00dfz\u00fcgige Umrisse f\u00fcr breitere und alternative Formen<br \/>\nVerbessertes hitze- und wasserabweisendes Planenmaterial<br \/>\n6,5 mm Schaumstoffpolsterung<br \/>\nGro\u00dfz\u00fcgige Kontur f\u00fcr breitere Retro- und Fischformen<br \/>\nStrapazierf\u00e4higer YKK-Spiralrei\u00dfverschluss<br \/>\n<div class=\"main-cross-sell\" data-asin=\"B005AT6C2G\">\n\n\t<div class=\"WooZone-cross-sell-loader\">\n\t\t<div>\n\t\t\t<div id=\"floatingBarsG\">\n\t\t\t\t<div class=\"blockG\" id=\"rotateG_01\"><\/div>\n\t\t\t\t<div class=\"blockG\" id=\"rotateG_02\"><\/div>\n\t\t\t\t<div class=\"blockG\" id=\"rotateG_03\"><\/div>\n\t\t\t\t<div class=\"blockG\" id=\"rotateG_04\"><\/div>\n\t\t\t\t<div class=\"blockG\" id=\"rotateG_05\"><\/div>\n\t\t\t\t<div class=\"blockG\" id=\"rotateG_06\"><\/div>\n\t\t\t\t<div class=\"blockG\" id=\"rotateG_07\"><\/div>\n\t\t\t\t<div class=\"blockG\" id=\"rotateG_08\"><\/div>\n\t\t\t<\/div>\n\t\t\t<div class=\"WooZone-cross-sell-loader-text\"><\/div>\n\t\t<\/div>\n\t<\/div>\n\n\t\t\n<\/div>\n<div style=\"clear:both;\"><\/div>\n","protected":false},"excerpt":{"rendered":"<p>Gro\u00dfz\u00fcgige Umrisse f\u00fcr breitere und alternative Formen<br \/>\nVerbessertes hitze- und wasserabweisendes Planenmaterial<br \/>\n6,5 mm Schaumstoffpolsterung<\/p>\n","protected":false},"featured_media":15907,"comment_status":"open","ping_status":"closed","template":"","meta":[],"product_cat":[52],"product_tag":[],"_links":{"self":[{"href":"https:\/\/wellenreiten-surfen.de\/index.php?rest_route=\/wp\/v2\/product\/15906"}],"collection":[{"href":"https:\/\/wellenreiten-surfen.de\/index.php?rest_route=\/wp\/v2\/product"}],"about":[{"href":"https:\/\/wellenreiten-surfen.de\/index.php?rest_route=\/wp\/v2\/types\/product"}],"replies":[{"embeddable":true,"href":"https:\/\/wellenreiten-surfen.de\/index.php?rest_route=%2Fwp%2Fv2%2Fcomments&post=15906"}],"wp:featuredmedia":[{"embeddable":true,"href":"https:\/\/wellenreiten-surfen.de\/index.php?rest_route=\/wp\/v2\/media\/15907"}],"wp:attachment":[{"href":"https:\/\/wellenreiten-surfen.de\/index.php?rest_route=%2Fwp%2Fv2%2Fmedia&parent=15906"}],"wp:term":[{"taxonomy":"product_cat","embeddable":true,"href":"https:\/\/wellenreiten-surfen.de\/index.php?rest_route=%2Fwp%2Fv2%2Fproduct_cat&post=15906"},{"taxonomy":"product_tag","embeddable":true,"href":"https:\/\/wellenreiten-surfen.de\/index.php?rest_route=%2Fwp%2Fv2%2Fproduct_tag&post=15906"}],"curies":[{"name":"wp","href":"https:\/\/api.w.org\/{rel}","templated":true}]}}