{"id":15908,"date":"2021-04-30T04:07:12","date_gmt":"2021-04-30T04:07:12","guid":{"rendered":"https:\/\/wellenreiten-surfen.de\/?product=dakine-unisex-10002829-daylight-surfboard-tasche-hybrid"},"modified":"2023-04-05T22:55:09","modified_gmt":"2023-04-05T22:55:09","slug":"dakine-unisex-10002829-daylight-surfboard-tasche-hybrid","status":"publish","type":"product","link":"https:\/\/wellenreiten-surfen.de\/?product=dakine-unisex-10002829-daylight-surfboard-tasche-hybrid","title":{"rendered":"Dakine Daylight Surfboard-Tasche, Hybrid"},"content":{"rendered":"<p><!-- show up to 2 reviews by default --> <\/p>\n<p>Behandeln Sie Ihr Brett richtig. Von der routinem\u00e4\u00dfigen Aufbewahrung bis hin zum t\u00e4glichen Transport bietet unsere Daylight Surfboard-Tasche eine unschlagbar leichte, gepolsterte Abdeckung. Es verf\u00fcgt \u00fcber eine gro\u00dfz\u00fcgige Umrisse und eine vollst\u00e4ndige Reihe von Gr\u00f6\u00dfen f\u00fcr eine nahezu individuelle Passform f\u00fcr Ihre Hybrid-Boards. Einmal eingepackt, bietet die Bretter eine hitze- und wasserabweisende Abdeckung sowie einen durchgehenden und gro\u00dfz\u00fcgigen 6,5 mm Schaumstoff-gepolsterten Dellenschutz. Ein gepolsterter Schultergurt l\u00e4sst Ihre H\u00e4nde frei f\u00fcr andere Ausr\u00fcstung. <\/p>\n<p>In der Garage oder f\u00fcr die t\u00e4gliche Sitzung bietet unsere Daylight Surfboard Bag eine leichte, gepolsterte Aufbewahrung f\u00fcr den t\u00e4glichen Gebrauch.<br \/>\nEs ist in einer Vielzahl von Gr\u00f6\u00dfen erh\u00e4ltlich, um nahezu jede Gr\u00f6\u00dfe von Thruster-Boards aufzunehmen.<br \/>\nModellnummer: DAKINE<br \/>\nEingeschr\u00e4nkte lebenslange Garantie<br \/>\nGro\u00dfz\u00fcgige Kontur f\u00fcr breitere \/ alternative Formen. 1\/4 &#8222;Schaumstoffpolsterung. Gro\u00dfz\u00fcgige Kontur f\u00fcr breitere Retro- und Fischformen. Hochleistungs-YKK-Spiralrei\u00dfverschluss. Gepolsterter Schultergurt mit Verstecktasche. Wachs- \/ Flossentasche<br \/>\nHitze- und wasserabweisendes Planenmaterial<br \/>\n<div class=\"main-cross-sell\" data-asin=\"B07ZG6G4M7\">\n\n\t<div class=\"WooZone-cross-sell-loader\">\n\t\t<div>\n\t\t\t<div id=\"floatingBarsG\">\n\t\t\t\t<div class=\"blockG\" id=\"rotateG_01\"><\/div>\n\t\t\t\t<div class=\"blockG\" id=\"rotateG_02\"><\/div>\n\t\t\t\t<div class=\"blockG\" id=\"rotateG_03\"><\/div>\n\t\t\t\t<div class=\"blockG\" id=\"rotateG_04\"><\/div>\n\t\t\t\t<div class=\"blockG\" id=\"rotateG_05\"><\/div>\n\t\t\t\t<div class=\"blockG\" id=\"rotateG_06\"><\/div>\n\t\t\t\t<div class=\"blockG\" id=\"rotateG_07\"><\/div>\n\t\t\t\t<div class=\"blockG\" id=\"rotateG_08\"><\/div>\n\t\t\t<\/div>\n\t\t\t<div class=\"WooZone-cross-sell-loader-text\"><\/div>\n\t\t<\/div>\n\t<\/div>\n\n\t\t\n<\/div>\n<div style=\"clear:both;\"><\/div>\n","protected":false},"excerpt":{"rendered":"<p>In der Garage oder f\u00fcr die t\u00e4gliche Sitzung bietet unsere Daylight Surfboard Bag eine leichte, gepolsterte Aufbewahrung f\u00fcr den t\u00e4glichen Gebrauch.<br \/>\nEs ist in einer Vielzahl von Gr\u00f6\u00dfen erh\u00e4ltlich, um nahezu jede Gr\u00f6\u00dfe von Thruster-Boards aufzunehmen.<br \/>\nModellnummer: DAKINE<\/p>\n","protected":false},"featured_media":15909,"comment_status":"open","ping_status":"closed","template":"","meta":[],"product_cat":[52],"product_tag":[],"_links":{"self":[{"href":"https:\/\/wellenreiten-surfen.de\/index.php?rest_route=\/wp\/v2\/product\/15908"}],"collection":[{"href":"https:\/\/wellenreiten-surfen.de\/index.php?rest_route=\/wp\/v2\/product"}],"about":[{"href":"https:\/\/wellenreiten-surfen.de\/index.php?rest_route=\/wp\/v2\/types\/product"}],"replies":[{"embeddable":true,"href":"https:\/\/wellenreiten-surfen.de\/index.php?rest_route=%2Fwp%2Fv2%2Fcomments&post=15908"}],"wp:featuredmedia":[{"embeddable":true,"href":"https:\/\/wellenreiten-surfen.de\/index.php?rest_route=\/wp\/v2\/media\/15909"}],"wp:attachment":[{"href":"https:\/\/wellenreiten-surfen.de\/index.php?rest_route=%2Fwp%2Fv2%2Fmedia&parent=15908"}],"wp:term":[{"taxonomy":"product_cat","embeddable":true,"href":"https:\/\/wellenreiten-surfen.de\/index.php?rest_route=%2Fwp%2Fv2%2Fproduct_cat&post=15908"},{"taxonomy":"product_tag","embeddable":true,"href":"https:\/\/wellenreiten-surfen.de\/index.php?rest_route=%2Fwp%2Fv2%2Fproduct_tag&post=15908"}],"curies":[{"name":"wp","href":"https:\/\/api.w.org\/{rel}","templated":true}]}}