{"id":15934,"date":"2021-04-30T04:27:11","date_gmt":"2021-04-30T04:27:11","guid":{"rendered":"https:\/\/wellenreiten-surfen.de\/?product=fcs-surfboard-tasche-day-all-purpose-6-0-surfboard-bag"},"modified":"2023-04-05T22:55:09","modified_gmt":"2023-04-05T22:55:09","slug":"fcs-surfboard-tasche-day-all-purpose-6-0-surfboard-bag","status":"publish","type":"product","link":"https:\/\/wellenreiten-surfen.de\/?product=fcs-surfboard-tasche-day-all-purpose-6-0-surfboard-bag","title":{"rendered":"FCS Surfboard Tasche Day All Purpose 6.0 Surfboard Bag"},"content":{"rendered":"<p><!-- show up to 2 reviews by default --> <\/p>\n<p>Leichter Boardbag von FCSDer <strong>Day All Purpose Boardbag<\/strong> von <strong>FCS<\/strong> ist der ideale Schutz f\u00c3\u00bcr dein Surfboard auf dem Weg zum Beach. Der Bag ist super leicht, robust und leicht zu handhaben.<\/p>\n<p><strong>Features<\/strong><\/p>\n<ul>\n<li>6.0 Boardbag Gr\u00c3\u00c3\u0178e<\/li>\n<li>sehr leichtes Material (1,1 kg)<\/li>\n<li>5mm hochverdichtete Polsterung<\/li>\n<li>Stretch Fit<\/li>\n<li>3D Rail Protection<strong> <\/strong><\/li>\n<li>ausdehnbarer Fin Wing bietet ausreichend Platz f\u00c3\u00bcr Board mit Finnen<\/li>\n<li>ergonomisches Schulter Pad<\/li>\n<\/ul>\n<p>Gender: Men<br \/>\nGender: Women<br \/>\n<div class=\"main-cross-sell\" data-asin=\"B07NPZP1MN\">\n\n\t<div class=\"WooZone-cross-sell-loader\">\n\t\t<div>\n\t\t\t<div id=\"floatingBarsG\">\n\t\t\t\t<div class=\"blockG\" id=\"rotateG_01\"><\/div>\n\t\t\t\t<div class=\"blockG\" id=\"rotateG_02\"><\/div>\n\t\t\t\t<div class=\"blockG\" id=\"rotateG_03\"><\/div>\n\t\t\t\t<div class=\"blockG\" id=\"rotateG_04\"><\/div>\n\t\t\t\t<div class=\"blockG\" id=\"rotateG_05\"><\/div>\n\t\t\t\t<div class=\"blockG\" id=\"rotateG_06\"><\/div>\n\t\t\t\t<div class=\"blockG\" id=\"rotateG_07\"><\/div>\n\t\t\t\t<div class=\"blockG\" id=\"rotateG_08\"><\/div>\n\t\t\t<\/div>\n\t\t\t<div class=\"WooZone-cross-sell-loader-text\"><\/div>\n\t\t<\/div>\n\t<\/div>\n\n\t\t\n<\/div>\n<div style=\"clear:both;\"><\/div>\n","protected":false},"excerpt":{"rendered":"<p>Gender: Men<br \/>\nGender: Women<\/p>\n","protected":false},"featured_media":15935,"comment_status":"open","ping_status":"closed","template":"","meta":[],"product_cat":[52],"product_tag":[],"_links":{"self":[{"href":"https:\/\/wellenreiten-surfen.de\/index.php?rest_route=\/wp\/v2\/product\/15934"}],"collection":[{"href":"https:\/\/wellenreiten-surfen.de\/index.php?rest_route=\/wp\/v2\/product"}],"about":[{"href":"https:\/\/wellenreiten-surfen.de\/index.php?rest_route=\/wp\/v2\/types\/product"}],"replies":[{"embeddable":true,"href":"https:\/\/wellenreiten-surfen.de\/index.php?rest_route=%2Fwp%2Fv2%2Fcomments&post=15934"}],"wp:featuredmedia":[{"embeddable":true,"href":"https:\/\/wellenreiten-surfen.de\/index.php?rest_route=\/wp\/v2\/media\/15935"}],"wp:attachment":[{"href":"https:\/\/wellenreiten-surfen.de\/index.php?rest_route=%2Fwp%2Fv2%2Fmedia&parent=15934"}],"wp:term":[{"taxonomy":"product_cat","embeddable":true,"href":"https:\/\/wellenreiten-surfen.de\/index.php?rest_route=%2Fwp%2Fv2%2Fproduct_cat&post=15934"},{"taxonomy":"product_tag","embeddable":true,"href":"https:\/\/wellenreiten-surfen.de\/index.php?rest_route=%2Fwp%2Fv2%2Fproduct_tag&post=15934"}],"curies":[{"name":"wp","href":"https:\/\/api.w.org\/{rel}","templated":true}]}}