{"id":15977,"date":"2021-04-30T04:28:54","date_gmt":"2021-04-30T04:28:54","guid":{"rendered":"https:\/\/wellenreiten-surfen.de\/?product=flexi-hex-lite-transportverpackung-110cm-fuer-surfboards-karton-bag-polster"},"modified":"2023-04-05T22:55:09","modified_gmt":"2023-04-05T22:55:09","slug":"flexi-hex-lite-transportverpackung-110cm-fuer-surfboards-karton-bag-polster","status":"publish","type":"product","link":"https:\/\/wellenreiten-surfen.de\/?product=flexi-hex-lite-transportverpackung-110cm-fuer-surfboards-karton-bag-polster","title":{"rendered":"Flexi-Hex LITE Transportverpackung 110cm f\u00fcr Surfboards Karton Bag Polster"},"content":{"rendered":"<div id='gallery-1' class='gallery galleryid-15977 gallery-columns-3 gallery-size-thumbnail'><figure class='gallery-item'>\n\t\t\t<div class='gallery-icon landscape'>\n\t\t\t\t<a href='https:\/\/wellenreiten-surfen.de\/?attachment_id=15978'><img width=\"150\" height=\"150\" src=\"https:\/\/images-na.ssl-images-amazon.com\/images\/I\/41sFQc8l66L._SS150_.jpg\" class=\"attachment-thumbnail size-thumbnail\" alt=\"\" decoding=\"async\" loading=\"lazy\" srcset=\"https:\/\/images-na.ssl-images-amazon.com\/images\/I\/41sFQc8l66L._SS150_.jpg 150w, https:\/\/images-na.ssl-images-amazon.com\/images\/I\/41sFQc8l66L._SS300_.jpg 300w, https:\/\/images-na.ssl-images-amazon.com\/images\/I\/41sFQc8l66L._SS768_.jpg 768w, https:\/\/images-na.ssl-images-amazon.com\/images\/I\/41sFQc8l66L._SS1024_.jpg 1024w, https:\/\/images-na.ssl-images-amazon.com\/images\/I\/41sFQc8l66L._SS1536_.jpg 1536w, https:\/\/images-na.ssl-images-amazon.com\/images\/I\/41sFQc8l66L._SS2048_.jpg 2048w, https:\/\/images-na.ssl-images-amazon.com\/images\/I\/41sFQc8l66L._SS80_.jpg 80w, https:\/\/images-na.ssl-images-amazon.com\/images\/I\/41sFQc8l66L._SS200_.jpg 200w, https:\/\/images-na.ssl-images-amazon.com\/images\/I\/41sFQc8l66L.jpg 500w, https:\/\/images-na.ssl-images-amazon.com\/images\/I\/41sFQc8l66L._SS450_.jpg 450w, https:\/\/images-na.ssl-images-amazon.com\/images\/I\/41sFQc8l66L._SS1400_.jpg 1400w, https:\/\/images-na.ssl-images-amazon.com\/images\/I\/41sFQc8l66L._SS180_.jpg 180w, https:\/\/images-na.ssl-images-amazon.com\/images\/I\/41sFQc8l66L._SS600_.jpg 600w, https:\/\/images-na.ssl-images-amazon.com\/images\/I\/41sFQc8l66L._SS100_.jpg 100w\" sizes=\"(max-width: 150px) 100vw, 150px\" \/><\/a>\n\t\t\t<\/div><\/figure><figure class='gallery-item'>\n\t\t\t<div class='gallery-icon landscape'>\n\t\t\t\t<a href='https:\/\/wellenreiten-surfen.de\/?attachment_id=15979'><img width=\"150\" height=\"150\" src=\"https:\/\/images-na.ssl-images-amazon.com\/images\/I\/41BT-ks5tnL._SS150_.jpg\" class=\"attachment-thumbnail size-thumbnail\" alt=\"\" decoding=\"async\" loading=\"lazy\" srcset=\"https:\/\/images-na.ssl-images-amazon.com\/images\/I\/41BT-ks5tnL._SS150_.jpg 150w, https:\/\/images-na.ssl-images-amazon.com\/images\/I\/41BT-ks5tnL._SS300_.jpg 300w, https:\/\/images-na.ssl-images-amazon.com\/images\/I\/41BT-ks5tnL._SS768_.jpg 768w, https:\/\/images-na.ssl-images-amazon.com\/images\/I\/41BT-ks5tnL._SS1024_.jpg 1024w, https:\/\/images-na.ssl-images-amazon.com\/images\/I\/41BT-ks5tnL._SS1536_.jpg 1536w, https:\/\/images-na.ssl-images-amazon.com\/images\/I\/41BT-ks5tnL._SS2048_.jpg 2048w, https:\/\/images-na.ssl-images-amazon.com\/images\/I\/41BT-ks5tnL._SS80_.jpg 80w, https:\/\/images-na.ssl-images-amazon.com\/images\/I\/41BT-ks5tnL._SS200_.jpg 200w, https:\/\/images-na.ssl-images-amazon.com\/images\/I\/41BT-ks5tnL.jpg 500w, https:\/\/images-na.ssl-images-amazon.com\/images\/I\/41BT-ks5tnL._SS450_.jpg 450w, https:\/\/images-na.ssl-images-amazon.com\/images\/I\/41BT-ks5tnL._SS1400_.jpg 1400w, https:\/\/images-na.ssl-images-amazon.com\/images\/I\/41BT-ks5tnL._SS180_.jpg 180w, https:\/\/images-na.ssl-images-amazon.com\/images\/I\/41BT-ks5tnL._SS600_.jpg 600w, https:\/\/images-na.ssl-images-amazon.com\/images\/I\/41BT-ks5tnL._SS100_.jpg 100w\" sizes=\"(max-width: 150px) 100vw, 150px\" \/><\/a>\n\t\t\t<\/div><\/figure><figure class='gallery-item'>\n\t\t\t<div class='gallery-icon landscape'>\n\t\t\t\t<a href='https:\/\/wellenreiten-surfen.de\/?attachment_id=15980'><img width=\"150\" height=\"150\" src=\"https:\/\/images-na.ssl-images-amazon.com\/images\/I\/618j2rR-HIL._SS150_.jpg\" class=\"attachment-thumbnail size-thumbnail\" alt=\"\" decoding=\"async\" loading=\"lazy\" srcset=\"https:\/\/images-na.ssl-images-amazon.com\/images\/I\/618j2rR-HIL._SS150_.jpg 150w, https:\/\/images-na.ssl-images-amazon.com\/images\/I\/618j2rR-HIL._SS300_.jpg 300w, https:\/\/images-na.ssl-images-amazon.com\/images\/I\/618j2rR-HIL._SS768_.jpg 768w, https:\/\/images-na.ssl-images-amazon.com\/images\/I\/618j2rR-HIL._SS1024_.jpg 1024w, https:\/\/images-na.ssl-images-amazon.com\/images\/I\/618j2rR-HIL._SS1536_.jpg 1536w, https:\/\/images-na.ssl-images-amazon.com\/images\/I\/618j2rR-HIL._SS2048_.jpg 2048w, https:\/\/images-na.ssl-images-amazon.com\/images\/I\/618j2rR-HIL._SS80_.jpg 80w, https:\/\/images-na.ssl-images-amazon.com\/images\/I\/618j2rR-HIL._SS200_.jpg 200w, https:\/\/images-na.ssl-images-amazon.com\/images\/I\/618j2rR-HIL.jpg 500w, https:\/\/images-na.ssl-images-amazon.com\/images\/I\/618j2rR-HIL._SS450_.jpg 450w, https:\/\/images-na.ssl-images-amazon.com\/images\/I\/618j2rR-HIL._SS1400_.jpg 1400w, https:\/\/images-na.ssl-images-amazon.com\/images\/I\/618j2rR-HIL._SS180_.jpg 180w, https:\/\/images-na.ssl-images-amazon.com\/images\/I\/618j2rR-HIL._SS600_.jpg 600w, https:\/\/images-na.ssl-images-amazon.com\/images\/I\/618j2rR-HIL._SS100_.jpg 100w\" sizes=\"(max-width: 150px) 100vw, 150px\" \/><\/a>\n\t\t\t<\/div><\/figure>\n\t\t<\/div>\n<br \/>\n<!-- show up to 2 reviews by default --> <\/p>\n<p>Verpackungselement f\u00fcr Bodyboards, Surfboards, Snowboards, Kiteboards und \u00e4hnliche grosse Gegenst\u00e4nde. Ideal f\u00fcr den Speditionsversand oder auch als zus\u00e4tzlicher Schutz im Boardbag bei einer Flugreise.<\/p>\n<p>Verpackungselement a 1100 x 35 x 35 mm<br \/>L\u00e4sst sich auf 60 cm Breite expandieren.<br \/>Gr\u00f6sse LITE geeignet f\u00fcr Short-Surfboards, Snowboards, Ski, Skateboards.<br \/>Geeignet f\u00fcr Gegenst\u00e4nde bis maximal ca 170cm Umfang.<\/p>\n<p>Die folgenden Elemente ben\u00f6tigt man f\u00fcr die Verpackung:<br \/> 1x Flexi-Hex LITE f\u00fcr ein Skateboard<br \/> 2x Flexi-hex LITE f\u00fcr Wakeboard, Skimboards, Snowboard, schmales Surfboard unter 6.6 Fuss oder 200cm<br \/> 2x Flexi-Hex MID f\u00fcr ein breites Surfboard bis ca 6.6 Fuss oder 200cm<br \/> 3x Flexi-Hex MID f\u00fcr ein Longboard Surfboard bis ca 9.6 Fuss oder 300cm<br \/> 3x Flexi-Hex XL f\u00fcr ein breites Windsurfboard, SUP, Kayak bis ca 9.6 Fuss oder 300cm<br \/> 4x Flexi-Hex XL f\u00fcr ein breites Windsurfboard, SUP, Kayak \u00fcber ca 9.6 Fuss oder 300cm<\/p>\n<p>Die Haltbarkeit und das Design von Flexi-Hex erm\u00f6glichen eine lange Lebensdauer bei mehreren Benutzungen. So wird der sicheren Transport von Surfbrettern zu ihrem Bestimmungsort gew\u00e4hrleistet.<\/p>\n<p>Die Flexi-Hex werden jeweils mit Tape aneinandergtaped und an Bug und Heck mit Tape verschlossen &#8211; fertig.<br \/>In weniger als 2 Minuten ist das Board verpackt!<\/p>\n<p>Karton ist nicht nur erschwinglich, zug\u00e4nglich, leicht und vollst\u00e4ndig recycelbar, er ist auch \u00fcberraschend stark und haltbar. Die Boardrails sowie Bug und Heck und das Deck werden optimal gesch\u00fctzt.<br \/>Flachstauchversuch = 31.000 kg \/ m\u00b2<\/p>\n<p>Flexible Gr\u00f6\u00dfenanpassung<\/p>\n<p>&#8211; Wiederverwendbar und Variabel Verwendbar<br \/>&#8211; 100% recycelbar und biologisch abbaubar<br \/>&#8211; Leicht zusammenzubauen<br \/>&#8211; Hohe Kompressionsbest\u00e4ndigkeit<br \/>&#8211; Flexible Gr\u00f6\u00dfenanpassung<br \/>&#8211; Platzsparend <\/p>\n<p>Flexi-Hex \u00e4ndert die Art und Weise, wie Boards verpackt werden.<br \/>\nWiederverwendbare Verpackung f\u00fcr Surfboards &#8211; Variabel Verwendbar &#8211; Leicht zusammenzubauen &#8211; 100% recycelbar und biologisch abbaubar<br \/>\nL\u00e4sst sich auf 60 cm Breite expandieren. Gr\u00f6sse LITE geeignet f\u00fcr Short-Surfboards, Snowboards, Ski, Skateboards.<br \/>\nHohe Kompressionsbest\u00e4ndigkeit &#8211; Flexible Gr\u00f6\u00dfenanpassung &#8211; Platzsparend<br \/>\nLieferumfang: 1 Verpackungssegment a 1100 x 45 x 30 mm<br \/>\n<div class=\"main-cross-sell\" data-asin=\"B07MZFHGSP\">\n\n\t<div class=\"WooZone-cross-sell-loader\">\n\t\t<div>\n\t\t\t<div id=\"floatingBarsG\">\n\t\t\t\t<div class=\"blockG\" id=\"rotateG_01\"><\/div>\n\t\t\t\t<div class=\"blockG\" id=\"rotateG_02\"><\/div>\n\t\t\t\t<div class=\"blockG\" id=\"rotateG_03\"><\/div>\n\t\t\t\t<div class=\"blockG\" id=\"rotateG_04\"><\/div>\n\t\t\t\t<div class=\"blockG\" id=\"rotateG_05\"><\/div>\n\t\t\t\t<div class=\"blockG\" id=\"rotateG_06\"><\/div>\n\t\t\t\t<div class=\"blockG\" id=\"rotateG_07\"><\/div>\n\t\t\t\t<div class=\"blockG\" id=\"rotateG_08\"><\/div>\n\t\t\t<\/div>\n\t\t\t<div class=\"WooZone-cross-sell-loader-text\"><\/div>\n\t\t<\/div>\n\t<\/div>\n\n\t\t\n<\/div>\n<div style=\"clear:both;\"><\/div>\n","protected":false},"excerpt":{"rendered":"<p>Flexi-Hex \u00e4ndert die Art und Weise, wie Boards verpackt werden.<br \/>\nWiederverwendbare Verpackung f\u00fcr Surfboards &#8211; Variabel Verwendbar &#8211; Leicht zusammenzubauen &#8211; 100% recycelbar und biologisch abbaubar<br \/>\nL\u00e4sst sich auf 60 cm Breite expandieren. Gr\u00f6sse LITE geeignet f\u00fcr Short-Surfboards, Snowboards, Ski, Skateboards.<\/p>\n","protected":false},"featured_media":15978,"comment_status":"open","ping_status":"closed","template":"","meta":[],"product_cat":[52],"product_tag":[],"_links":{"self":[{"href":"https:\/\/wellenreiten-surfen.de\/index.php?rest_route=\/wp\/v2\/product\/15977"}],"collection":[{"href":"https:\/\/wellenreiten-surfen.de\/index.php?rest_route=\/wp\/v2\/product"}],"about":[{"href":"https:\/\/wellenreiten-surfen.de\/index.php?rest_route=\/wp\/v2\/types\/product"}],"replies":[{"embeddable":true,"href":"https:\/\/wellenreiten-surfen.de\/index.php?rest_route=%2Fwp%2Fv2%2Fcomments&post=15977"}],"wp:featuredmedia":[{"embeddable":true,"href":"https:\/\/wellenreiten-surfen.de\/index.php?rest_route=\/wp\/v2\/media\/15978"}],"wp:attachment":[{"href":"https:\/\/wellenreiten-surfen.de\/index.php?rest_route=%2Fwp%2Fv2%2Fmedia&parent=15977"}],"wp:term":[{"taxonomy":"product_cat","embeddable":true,"href":"https:\/\/wellenreiten-surfen.de\/index.php?rest_route=%2Fwp%2Fv2%2Fproduct_cat&post=15977"},{"taxonomy":"product_tag","embeddable":true,"href":"https:\/\/wellenreiten-surfen.de\/index.php?rest_route=%2Fwp%2Fv2%2Fproduct_tag&post=15977"}],"curies":[{"name":"wp","href":"https:\/\/api.w.org\/{rel}","templated":true}]}}