{"id":15981,"date":"2021-04-30T04:28:56","date_gmt":"2021-04-30T04:28:56","guid":{"rendered":"https:\/\/wellenreiten-surfen.de\/?product=roam-coffin-doppel-triple-boardbag"},"modified":"2023-04-05T22:55:09","modified_gmt":"2023-04-05T22:55:09","slug":"roam-coffin-doppel-triple-boardbag","status":"publish","type":"product","link":"https:\/\/wellenreiten-surfen.de\/?product=roam-coffin-doppel-triple-boardbag","title":{"rendered":"Roam Coffin Doppel Triple Boardbag"},"content":{"rendered":"<div id='gallery-1' class='gallery galleryid-15981 gallery-columns-3 gallery-size-thumbnail'><figure class='gallery-item'>\n\t\t\t<div class='gallery-icon landscape'>\n\t\t\t\t<a href='https:\/\/wellenreiten-surfen.de\/?attachment_id=15982'><img width=\"150\" height=\"150\" src=\"https:\/\/images-na.ssl-images-amazon.com\/images\/I\/317s1vHMmqL._SS150_.jpg\" class=\"attachment-thumbnail size-thumbnail\" alt=\"\" decoding=\"async\" loading=\"lazy\" srcset=\"https:\/\/images-na.ssl-images-amazon.com\/images\/I\/317s1vHMmqL._SS150_.jpg 150w, https:\/\/images-na.ssl-images-amazon.com\/images\/I\/317s1vHMmqL._SS300_.jpg 300w, https:\/\/images-na.ssl-images-amazon.com\/images\/I\/317s1vHMmqL._SS768_.jpg 768w, https:\/\/images-na.ssl-images-amazon.com\/images\/I\/317s1vHMmqL._SS1024_.jpg 1024w, https:\/\/images-na.ssl-images-amazon.com\/images\/I\/317s1vHMmqL._SS1536_.jpg 1536w, https:\/\/images-na.ssl-images-amazon.com\/images\/I\/317s1vHMmqL._SS2048_.jpg 2048w, https:\/\/images-na.ssl-images-amazon.com\/images\/I\/317s1vHMmqL._SS80_.jpg 80w, https:\/\/images-na.ssl-images-amazon.com\/images\/I\/317s1vHMmqL._SS200_.jpg 200w, https:\/\/images-na.ssl-images-amazon.com\/images\/I\/317s1vHMmqL.jpg 500w, https:\/\/images-na.ssl-images-amazon.com\/images\/I\/317s1vHMmqL._SS450_.jpg 450w, https:\/\/images-na.ssl-images-amazon.com\/images\/I\/317s1vHMmqL._SS1400_.jpg 1400w, https:\/\/images-na.ssl-images-amazon.com\/images\/I\/317s1vHMmqL._SS180_.jpg 180w, https:\/\/images-na.ssl-images-amazon.com\/images\/I\/317s1vHMmqL._SS600_.jpg 600w, https:\/\/images-na.ssl-images-amazon.com\/images\/I\/317s1vHMmqL._SS100_.jpg 100w\" sizes=\"(max-width: 150px) 100vw, 150px\" \/><\/a>\n\t\t\t<\/div><\/figure><figure class='gallery-item'>\n\t\t\t<div class='gallery-icon landscape'>\n\t\t\t\t<a href='https:\/\/wellenreiten-surfen.de\/?attachment_id=15983'><img width=\"150\" height=\"150\" src=\"https:\/\/images-na.ssl-images-amazon.com\/images\/I\/4198i9O5hrL._SS150_.jpg\" class=\"attachment-thumbnail size-thumbnail\" alt=\"\" decoding=\"async\" loading=\"lazy\" srcset=\"https:\/\/images-na.ssl-images-amazon.com\/images\/I\/4198i9O5hrL._SS150_.jpg 150w, https:\/\/images-na.ssl-images-amazon.com\/images\/I\/4198i9O5hrL._SS300_.jpg 300w, https:\/\/images-na.ssl-images-amazon.com\/images\/I\/4198i9O5hrL._SS768_.jpg 768w, https:\/\/images-na.ssl-images-amazon.com\/images\/I\/4198i9O5hrL._SS1024_.jpg 1024w, https:\/\/images-na.ssl-images-amazon.com\/images\/I\/4198i9O5hrL._SS1536_.jpg 1536w, https:\/\/images-na.ssl-images-amazon.com\/images\/I\/4198i9O5hrL._SS2048_.jpg 2048w, https:\/\/images-na.ssl-images-amazon.com\/images\/I\/4198i9O5hrL._SS80_.jpg 80w, https:\/\/images-na.ssl-images-amazon.com\/images\/I\/4198i9O5hrL._SS200_.jpg 200w, https:\/\/images-na.ssl-images-amazon.com\/images\/I\/4198i9O5hrL.jpg 500w, https:\/\/images-na.ssl-images-amazon.com\/images\/I\/4198i9O5hrL._SS450_.jpg 450w, https:\/\/images-na.ssl-images-amazon.com\/images\/I\/4198i9O5hrL._SS1400_.jpg 1400w, https:\/\/images-na.ssl-images-amazon.com\/images\/I\/4198i9O5hrL._SS180_.jpg 180w, https:\/\/images-na.ssl-images-amazon.com\/images\/I\/4198i9O5hrL._SS600_.jpg 600w, https:\/\/images-na.ssl-images-amazon.com\/images\/I\/4198i9O5hrL._SS100_.jpg 100w\" sizes=\"(max-width: 150px) 100vw, 150px\" \/><\/a>\n\t\t\t<\/div><\/figure><figure class='gallery-item'>\n\t\t\t<div class='gallery-icon landscape'>\n\t\t\t\t<a href='https:\/\/wellenreiten-surfen.de\/?attachment_id=15984'><img width=\"150\" height=\"150\" src=\"https:\/\/images-na.ssl-images-amazon.com\/images\/I\/51qPRPSs5mL._SS150_.jpg\" class=\"attachment-thumbnail size-thumbnail\" alt=\"\" decoding=\"async\" loading=\"lazy\" srcset=\"https:\/\/images-na.ssl-images-amazon.com\/images\/I\/51qPRPSs5mL._SS150_.jpg 150w, https:\/\/images-na.ssl-images-amazon.com\/images\/I\/51qPRPSs5mL._SS300_.jpg 300w, https:\/\/images-na.ssl-images-amazon.com\/images\/I\/51qPRPSs5mL._SS768_.jpg 768w, https:\/\/images-na.ssl-images-amazon.com\/images\/I\/51qPRPSs5mL._SS1024_.jpg 1024w, https:\/\/images-na.ssl-images-amazon.com\/images\/I\/51qPRPSs5mL._SS1536_.jpg 1536w, https:\/\/images-na.ssl-images-amazon.com\/images\/I\/51qPRPSs5mL._SS2048_.jpg 2048w, https:\/\/images-na.ssl-images-amazon.com\/images\/I\/51qPRPSs5mL._SS80_.jpg 80w, https:\/\/images-na.ssl-images-amazon.com\/images\/I\/51qPRPSs5mL._SS200_.jpg 200w, https:\/\/images-na.ssl-images-amazon.com\/images\/I\/51qPRPSs5mL.jpg 500w, https:\/\/images-na.ssl-images-amazon.com\/images\/I\/51qPRPSs5mL._SS450_.jpg 450w, https:\/\/images-na.ssl-images-amazon.com\/images\/I\/51qPRPSs5mL._SS1400_.jpg 1400w, https:\/\/images-na.ssl-images-amazon.com\/images\/I\/51qPRPSs5mL._SS180_.jpg 180w, https:\/\/images-na.ssl-images-amazon.com\/images\/I\/51qPRPSs5mL._SS600_.jpg 600w, https:\/\/images-na.ssl-images-amazon.com\/images\/I\/51qPRPSs5mL._SS100_.jpg 100w\" sizes=\"(max-width: 150px) 100vw, 150px\" \/><\/a>\n\t\t\t<\/div><\/figure>\n\t\t<\/div>\n<br \/>\n<!-- show up to 2 reviews by default --> <\/p>\n<p>Dieses Coffin Doppel Triple Boardbag von Roam ist ideal f\u00fcr Flugreisen geeignet. Es hat eine 10 mm dicke Polsterung und sch\u00fctzt die Boards optimal vor Hitze und Transportsch\u00e4den. Das Bag ist mit einer Anti-Wachs- und Wasserschicht im Innenraum versehen und verf\u00fcgt \u00fcber Verst\u00e4rkungen im Nose- und Tailbereich. Mithilfe eines abnehmbaren Schultergurts und zweier komfortabler Tragegriffe l\u00e4sst sich dein Equipment ganz bequem von A nach B transportieren. 10mm Polsterung Robustes 600 Gramm Nylon auf den Seitenw\u00e4nden Robustes 600 Gramm Nylon auf den Seitenw\u00e4nden Doppelt gen\u00e4hte N\u00e4hte Extra verst\u00e4rkter Heckbereich Extra Verst\u00e4rkter Bugbereich 2 gepolsterte Tragegriffe <\/p>\n<p>Robustes 10mm gepolstertes Boardbag mit 2 gepolsterten Zwischenlagen f\u00fcr 2-3 Surfboards, ideal f\u00fcr Flugreisen.<br \/>\nPassend f\u00fcr Boards in verschiedenen Shapes. F\u00fcr Flugreisen empfehlen wir die Boards zus\u00e4tzlich in Daybags zu packen damit diese maximal gesch\u00fctzt sind.<br \/>\nDieses heavy duty Bag sch\u00fctzt Deine Bretter beim Flugreisen und wenn es beim transport mal hart hergehen sollte.<br \/>\nLieferumfang: Eine Bag mit Schultertragegurt<br \/>\nInnenabmessungen: 216cm x 63cm x 23cm<br \/>\n<div class=\"main-cross-sell\" data-asin=\"B07HKQ54XR\">\n\n\t<div class=\"WooZone-cross-sell-loader\">\n\t\t<div>\n\t\t\t<div id=\"floatingBarsG\">\n\t\t\t\t<div class=\"blockG\" id=\"rotateG_01\"><\/div>\n\t\t\t\t<div class=\"blockG\" id=\"rotateG_02\"><\/div>\n\t\t\t\t<div class=\"blockG\" id=\"rotateG_03\"><\/div>\n\t\t\t\t<div class=\"blockG\" id=\"rotateG_04\"><\/div>\n\t\t\t\t<div class=\"blockG\" id=\"rotateG_05\"><\/div>\n\t\t\t\t<div class=\"blockG\" id=\"rotateG_06\"><\/div>\n\t\t\t\t<div class=\"blockG\" id=\"rotateG_07\"><\/div>\n\t\t\t\t<div class=\"blockG\" id=\"rotateG_08\"><\/div>\n\t\t\t<\/div>\n\t\t\t<div class=\"WooZone-cross-sell-loader-text\"><\/div>\n\t\t<\/div>\n\t<\/div>\n\n\t\t\n<\/div>\n<div style=\"clear:both;\"><\/div>\n","protected":false},"excerpt":{"rendered":"<p>Robustes 10mm gepolstertes Boardbag mit 2 gepolsterten Zwischenlagen f\u00fcr 2-3 Surfboards, ideal f\u00fcr Flugreisen.<br \/>\nPassend f\u00fcr Boards in verschiedenen Shapes. F\u00fcr Flugreisen empfehlen wir die Boards zus\u00e4tzlich in Daybags zu packen damit diese maximal gesch\u00fctzt sind.<br \/>\nDieses heavy duty Bag sch\u00fctzt Deine Bretter beim Flugreisen und wenn es beim transport mal hart hergehen sollte.<\/p>\n","protected":false},"featured_media":15982,"comment_status":"open","ping_status":"closed","template":"","meta":[],"product_cat":[52],"product_tag":[],"_links":{"self":[{"href":"https:\/\/wellenreiten-surfen.de\/index.php?rest_route=\/wp\/v2\/product\/15981"}],"collection":[{"href":"https:\/\/wellenreiten-surfen.de\/index.php?rest_route=\/wp\/v2\/product"}],"about":[{"href":"https:\/\/wellenreiten-surfen.de\/index.php?rest_route=\/wp\/v2\/types\/product"}],"replies":[{"embeddable":true,"href":"https:\/\/wellenreiten-surfen.de\/index.php?rest_route=%2Fwp%2Fv2%2Fcomments&post=15981"}],"wp:featuredmedia":[{"embeddable":true,"href":"https:\/\/wellenreiten-surfen.de\/index.php?rest_route=\/wp\/v2\/media\/15982"}],"wp:attachment":[{"href":"https:\/\/wellenreiten-surfen.de\/index.php?rest_route=%2Fwp%2Fv2%2Fmedia&parent=15981"}],"wp:term":[{"taxonomy":"product_cat","embeddable":true,"href":"https:\/\/wellenreiten-surfen.de\/index.php?rest_route=%2Fwp%2Fv2%2Fproduct_cat&post=15981"},{"taxonomy":"product_tag","embeddable":true,"href":"https:\/\/wellenreiten-surfen.de\/index.php?rest_route=%2Fwp%2Fv2%2Fproduct_tag&post=15981"}],"curies":[{"name":"wp","href":"https:\/\/api.w.org\/{rel}","templated":true}]}}