{"id":15989,"date":"2021-04-30T04:28:59","date_gmt":"2021-04-30T04:28:59","guid":{"rendered":"https:\/\/wellenreiten-surfen.de\/?product=roam-doppel-fun-boardbag"},"modified":"2023-04-05T22:55:09","modified_gmt":"2023-04-05T22:55:09","slug":"roam-doppel-fun-boardbag","status":"publish","type":"product","link":"https:\/\/wellenreiten-surfen.de\/?product=roam-doppel-fun-boardbag","title":{"rendered":"Roam Doppel Fun Boardbag"},"content":{"rendered":"<div id='gallery-1' class='gallery galleryid-15989 gallery-columns-3 gallery-size-thumbnail'><figure class='gallery-item'>\n\t\t\t<div class='gallery-icon landscape'>\n\t\t\t\t<a href='https:\/\/wellenreiten-surfen.de\/?attachment_id=15990'><img width=\"150\" height=\"150\" src=\"https:\/\/images-na.ssl-images-amazon.com\/images\/I\/41-VVdi2nrL._SS150_.jpg\" class=\"attachment-thumbnail size-thumbnail\" alt=\"\" decoding=\"async\" loading=\"lazy\" srcset=\"https:\/\/images-na.ssl-images-amazon.com\/images\/I\/41-VVdi2nrL._SS150_.jpg 150w, https:\/\/images-na.ssl-images-amazon.com\/images\/I\/41-VVdi2nrL._SS300_.jpg 300w, https:\/\/images-na.ssl-images-amazon.com\/images\/I\/41-VVdi2nrL._SS768_.jpg 768w, https:\/\/images-na.ssl-images-amazon.com\/images\/I\/41-VVdi2nrL._SS1024_.jpg 1024w, https:\/\/images-na.ssl-images-amazon.com\/images\/I\/41-VVdi2nrL._SS1536_.jpg 1536w, https:\/\/images-na.ssl-images-amazon.com\/images\/I\/41-VVdi2nrL._SS2048_.jpg 2048w, https:\/\/images-na.ssl-images-amazon.com\/images\/I\/41-VVdi2nrL._SS80_.jpg 80w, https:\/\/images-na.ssl-images-amazon.com\/images\/I\/41-VVdi2nrL._SS200_.jpg 200w, https:\/\/images-na.ssl-images-amazon.com\/images\/I\/41-VVdi2nrL.jpg 500w, https:\/\/images-na.ssl-images-amazon.com\/images\/I\/41-VVdi2nrL._SS450_.jpg 450w, https:\/\/images-na.ssl-images-amazon.com\/images\/I\/41-VVdi2nrL._SS1400_.jpg 1400w, https:\/\/images-na.ssl-images-amazon.com\/images\/I\/41-VVdi2nrL._SS180_.jpg 180w, https:\/\/images-na.ssl-images-amazon.com\/images\/I\/41-VVdi2nrL._SS600_.jpg 600w, https:\/\/images-na.ssl-images-amazon.com\/images\/I\/41-VVdi2nrL._SS100_.jpg 100w\" sizes=\"(max-width: 150px) 100vw, 150px\" \/><\/a>\n\t\t\t<\/div><\/figure><figure class='gallery-item'>\n\t\t\t<div class='gallery-icon landscape'>\n\t\t\t\t<a href='https:\/\/wellenreiten-surfen.de\/?attachment_id=15991'><img width=\"150\" height=\"150\" src=\"https:\/\/images-na.ssl-images-amazon.com\/images\/I\/4126xkOc-1L._SS150_.jpg\" class=\"attachment-thumbnail size-thumbnail\" alt=\"\" decoding=\"async\" loading=\"lazy\" srcset=\"https:\/\/images-na.ssl-images-amazon.com\/images\/I\/4126xkOc-1L._SS150_.jpg 150w, https:\/\/images-na.ssl-images-amazon.com\/images\/I\/4126xkOc-1L._SS300_.jpg 300w, https:\/\/images-na.ssl-images-amazon.com\/images\/I\/4126xkOc-1L._SS768_.jpg 768w, https:\/\/images-na.ssl-images-amazon.com\/images\/I\/4126xkOc-1L._SS1024_.jpg 1024w, https:\/\/images-na.ssl-images-amazon.com\/images\/I\/4126xkOc-1L._SS1536_.jpg 1536w, https:\/\/images-na.ssl-images-amazon.com\/images\/I\/4126xkOc-1L._SS2048_.jpg 2048w, https:\/\/images-na.ssl-images-amazon.com\/images\/I\/4126xkOc-1L._SS80_.jpg 80w, https:\/\/images-na.ssl-images-amazon.com\/images\/I\/4126xkOc-1L._SS200_.jpg 200w, https:\/\/images-na.ssl-images-amazon.com\/images\/I\/4126xkOc-1L.jpg 500w, https:\/\/images-na.ssl-images-amazon.com\/images\/I\/4126xkOc-1L._SS450_.jpg 450w, https:\/\/images-na.ssl-images-amazon.com\/images\/I\/4126xkOc-1L._SS1400_.jpg 1400w, https:\/\/images-na.ssl-images-amazon.com\/images\/I\/4126xkOc-1L._SS180_.jpg 180w, https:\/\/images-na.ssl-images-amazon.com\/images\/I\/4126xkOc-1L._SS600_.jpg 600w, https:\/\/images-na.ssl-images-amazon.com\/images\/I\/4126xkOc-1L._SS100_.jpg 100w\" sizes=\"(max-width: 150px) 100vw, 150px\" \/><\/a>\n\t\t\t<\/div><\/figure><figure class='gallery-item'>\n\t\t\t<div class='gallery-icon landscape'>\n\t\t\t\t<a href='https:\/\/wellenreiten-surfen.de\/?attachment_id=15992'><img width=\"150\" height=\"150\" src=\"https:\/\/images-na.ssl-images-amazon.com\/images\/I\/41xbwa6CnFL._SS150_.jpg\" class=\"attachment-thumbnail size-thumbnail\" alt=\"\" decoding=\"async\" loading=\"lazy\" srcset=\"https:\/\/images-na.ssl-images-amazon.com\/images\/I\/41xbwa6CnFL._SS150_.jpg 150w, https:\/\/images-na.ssl-images-amazon.com\/images\/I\/41xbwa6CnFL._SS300_.jpg 300w, https:\/\/images-na.ssl-images-amazon.com\/images\/I\/41xbwa6CnFL._SS768_.jpg 768w, https:\/\/images-na.ssl-images-amazon.com\/images\/I\/41xbwa6CnFL._SS1024_.jpg 1024w, https:\/\/images-na.ssl-images-amazon.com\/images\/I\/41xbwa6CnFL._SS1536_.jpg 1536w, https:\/\/images-na.ssl-images-amazon.com\/images\/I\/41xbwa6CnFL._SS2048_.jpg 2048w, https:\/\/images-na.ssl-images-amazon.com\/images\/I\/41xbwa6CnFL._SS80_.jpg 80w, https:\/\/images-na.ssl-images-amazon.com\/images\/I\/41xbwa6CnFL._SS200_.jpg 200w, https:\/\/images-na.ssl-images-amazon.com\/images\/I\/41xbwa6CnFL.jpg 500w, https:\/\/images-na.ssl-images-amazon.com\/images\/I\/41xbwa6CnFL._SS450_.jpg 450w, https:\/\/images-na.ssl-images-amazon.com\/images\/I\/41xbwa6CnFL._SS1400_.jpg 1400w, https:\/\/images-na.ssl-images-amazon.com\/images\/I\/41xbwa6CnFL._SS180_.jpg 180w, https:\/\/images-na.ssl-images-amazon.com\/images\/I\/41xbwa6CnFL._SS600_.jpg 600w, https:\/\/images-na.ssl-images-amazon.com\/images\/I\/41xbwa6CnFL._SS100_.jpg 100w\" sizes=\"(max-width: 150px) 100vw, 150px\" \/><\/a>\n\t\t\t<\/div><\/figure>\n\t\t<\/div>\n<br \/>\n<!-- show up to 2 reviews by default --> <\/p>\n<p>Robustes 10mm gepolstertes Boardbag f\u00fcr 2 Surfboards. Die Tasche eignet sich ideal f\u00fcr Flugreisen. Sie verf\u00fcgt \u00fcber eine durchg\u00e4ngig hohe Seitenwand und eine hitzeabweisende Polsterung, die die Boards beim Transport vor Sch\u00e4den und UV-Strahlung sch\u00fctzt. Wasser- und wachsabweisender Polytarp innen Abnehmbarer Schulterriemen und gepolsterter Tragegriff Korrosionsfreie Rei\u00dfverschl\u00fcsse und verst\u00e4rktes Noil und Tail Hitze reflektierende Silber Polytarp Seite Erweiterung der Seitenw\u00e4nde f\u00fcr 2 Bretter Ripstop Nylon Seitenteil 10mm hochdichte Polsterung <\/p>\n<p>Robustes 10mm gepolstertes Boardbag f\u00fcr 2 Surfboards, ideal f\u00fcr Flugreisen. Mit silbernem Reflective Shield Polytarp Shell und robustem ripstop Nylon auf der anderen Seite<br \/>\nPassend f\u00fcr Boards im Funboard und Minimalibu Shape<br \/>\nDieses heavy duty Bag sch\u00fctzt Dein Brett beim Flugreisen und wenn es beim transport mal hart hergehen sollte.<br \/>\nDurchg\u00e4ngig hohe Seitenwand.<br \/>\nInnenabmessungen: 255cm x 68cm x 7-20cm<br \/>\n<div class=\"main-cross-sell\" data-asin=\"B07XSKN7XV\">\n\n\t<div class=\"WooZone-cross-sell-loader\">\n\t\t<div>\n\t\t\t<div id=\"floatingBarsG\">\n\t\t\t\t<div class=\"blockG\" id=\"rotateG_01\"><\/div>\n\t\t\t\t<div class=\"blockG\" id=\"rotateG_02\"><\/div>\n\t\t\t\t<div class=\"blockG\" id=\"rotateG_03\"><\/div>\n\t\t\t\t<div class=\"blockG\" id=\"rotateG_04\"><\/div>\n\t\t\t\t<div class=\"blockG\" id=\"rotateG_05\"><\/div>\n\t\t\t\t<div class=\"blockG\" id=\"rotateG_06\"><\/div>\n\t\t\t\t<div class=\"blockG\" id=\"rotateG_07\"><\/div>\n\t\t\t\t<div class=\"blockG\" id=\"rotateG_08\"><\/div>\n\t\t\t<\/div>\n\t\t\t<div class=\"WooZone-cross-sell-loader-text\"><\/div>\n\t\t<\/div>\n\t<\/div>\n\n\t\t\n<\/div>\n<div style=\"clear:both;\"><\/div>\n","protected":false},"excerpt":{"rendered":"<p>Robustes 10mm gepolstertes Boardbag f\u00fcr 2 Surfboards, ideal f\u00fcr Flugreisen. Mit silbernem Reflective Shield Polytarp Shell und robustem ripstop Nylon auf der anderen Seite<br \/>\nPassend f\u00fcr Boards im Funboard und Minimalibu Shape<br \/>\nDieses heavy duty Bag sch\u00fctzt Dein Brett beim Flugreisen und wenn es beim transport mal hart hergehen sollte.<\/p>\n","protected":false},"featured_media":15990,"comment_status":"open","ping_status":"closed","template":"","meta":[],"product_cat":[52],"product_tag":[],"_links":{"self":[{"href":"https:\/\/wellenreiten-surfen.de\/index.php?rest_route=\/wp\/v2\/product\/15989"}],"collection":[{"href":"https:\/\/wellenreiten-surfen.de\/index.php?rest_route=\/wp\/v2\/product"}],"about":[{"href":"https:\/\/wellenreiten-surfen.de\/index.php?rest_route=\/wp\/v2\/types\/product"}],"replies":[{"embeddable":true,"href":"https:\/\/wellenreiten-surfen.de\/index.php?rest_route=%2Fwp%2Fv2%2Fcomments&post=15989"}],"wp:featuredmedia":[{"embeddable":true,"href":"https:\/\/wellenreiten-surfen.de\/index.php?rest_route=\/wp\/v2\/media\/15990"}],"wp:attachment":[{"href":"https:\/\/wellenreiten-surfen.de\/index.php?rest_route=%2Fwp%2Fv2%2Fmedia&parent=15989"}],"wp:term":[{"taxonomy":"product_cat","embeddable":true,"href":"https:\/\/wellenreiten-surfen.de\/index.php?rest_route=%2Fwp%2Fv2%2Fproduct_cat&post=15989"},{"taxonomy":"product_tag","embeddable":true,"href":"https:\/\/wellenreiten-surfen.de\/index.php?rest_route=%2Fwp%2Fv2%2Fproduct_tag&post=15989"}],"curies":[{"name":"wp","href":"https:\/\/api.w.org\/{rel}","templated":true}]}}