{"id":16009,"date":"2021-04-30T04:29:05","date_gmt":"2021-04-30T04:29:05","guid":{"rendered":"https:\/\/wellenreiten-surfen.de\/?product=dakine-daylight-surfboard-bag-thruster-weiss-unisex-hitze-und-wasserabweisendes"},"modified":"2023-04-05T22:55:10","modified_gmt":"2023-04-05T22:55:10","slug":"dakine-daylight-surfboard-bag-thruster-weiss-unisex-hitze-und-wasserabweisendes","status":"publish","type":"product","link":"https:\/\/wellenreiten-surfen.de\/?product=dakine-daylight-surfboard-bag-thruster-weiss-unisex-hitze-und-wasserabweisendes","title":{"rendered":"Dakine Daylight Thruster Surfboard Boardbag 2022 White"},"content":{"rendered":"<p><!-- show up to 2 reviews by default --> <\/p>\n<p> In der Garage oder f\u00fcr die t\u00e4gliche Sitzung bietet unsere Daylight Surfboard Bag eine leichte gepolsterte Aufbewahrung f\u00fcr den t\u00e4glichen Gebrauch. Es ist in einer Vielzahl von Gr\u00f6\u00dfen erh\u00e4ltlich um nahezu jede Gr\u00f6\u00dfe von Thruster-Boards aufzunehmen. Sobald Ihr Board im Inneren verstaut ist bietet es eine hitze- und wasserabweisende Abdeckung sowie einen 1\/4-Zoll-Schaumstoffschutz in voller L\u00e4nge. Ein gepolsterter Schultergurt l\u00e4sst Ihre H\u00e4nde frei f\u00fcr andere Ausr\u00fcstung. <\/p>\n<p> Eingeschr\u00e4nkte lebenslange Garantie Vielseitige Form passt f\u00fcr die meisten Boards Hitze- und wasserabweisendes Planenmaterial 1\/4 Schaumstoffpolsterung Hochleistungs-YKK-Spiralrei\u00dfverschluss Gepolsterter Schultergurt mit Verstecktasche Wachs- \/ Flossentasche L\u00e4nge Breite FT M. IM CM 5&#8242;;4 1 63 22 55.8 5&#8242;;8 1 73 23 58.4 6&#8242;;0 1 83 23 58.4 6&#8242;;3 1 90 24 60.9 6&#8242;;6 2.01 24 60.9 7&#8242;;0 2.32 24 60.9<\/p>\n<p>Please note that where applicable, sizes shown are United Kingdom sizes. <\/p>\n<p>In der Garage oder f\u00fcr die t\u00e4gliche Sitzung bietet unsere Daylight Surfboard Bag eine leichte, gepolsterte Aufbewahrung f\u00fcr den t\u00e4glichen Gebrauch.<br \/>\nEs ist in einer Vielzahl von Gr\u00f6\u00dfen erh\u00e4ltlich, um nahezu jede Gr\u00f6\u00dfe von Thruster-Boards aufzunehmen.<br \/>\nEingeschr\u00e4nkte lebenslange Garantie<br \/>\nVielseitige Form passt f\u00fcr die meisten Boards. 1\/4 &#8222;Schaumstoffpolsterung. Hochleistungs-YKK-Spiralrei\u00dfverschluss. Gepolsterter Schultergurt mit Verstecktasche. Wachs- \/ Flossentasche<br \/>\nHitze- und wasserabweisendes Planenmaterial<br \/>\n<div class=\"main-cross-sell\" data-asin=\"B07XRHD44X\">\n\n\t<div class=\"WooZone-cross-sell-loader\">\n\t\t<div>\n\t\t\t<div id=\"floatingBarsG\">\n\t\t\t\t<div class=\"blockG\" id=\"rotateG_01\"><\/div>\n\t\t\t\t<div class=\"blockG\" id=\"rotateG_02\"><\/div>\n\t\t\t\t<div class=\"blockG\" id=\"rotateG_03\"><\/div>\n\t\t\t\t<div class=\"blockG\" id=\"rotateG_04\"><\/div>\n\t\t\t\t<div class=\"blockG\" id=\"rotateG_05\"><\/div>\n\t\t\t\t<div class=\"blockG\" id=\"rotateG_06\"><\/div>\n\t\t\t\t<div class=\"blockG\" id=\"rotateG_07\"><\/div>\n\t\t\t\t<div class=\"blockG\" id=\"rotateG_08\"><\/div>\n\t\t\t<\/div>\n\t\t\t<div class=\"WooZone-cross-sell-loader-text\"><\/div>\n\t\t<\/div>\n\t<\/div>\n\n\t\t\n<\/div>\n<div style=\"clear:both;\"><\/div>\n","protected":false},"excerpt":{"rendered":"<p>In der Garage oder f\u00fcr die t\u00e4gliche Sitzung bietet unsere Daylight Surfboard Bag eine leichte, gepolsterte Aufbewahrung f\u00fcr den t\u00e4glichen Gebrauch.<br \/>\nEs ist in einer Vielzahl von Gr\u00f6\u00dfen erh\u00e4ltlich, um nahezu jede Gr\u00f6\u00dfe von Thruster-Boards aufzunehmen.<br \/>\nEingeschr\u00e4nkte lebenslange Garantie<\/p>\n","protected":false},"featured_media":16010,"comment_status":"open","ping_status":"closed","template":"","meta":[],"product_cat":[52],"product_tag":[],"_links":{"self":[{"href":"https:\/\/wellenreiten-surfen.de\/index.php?rest_route=\/wp\/v2\/product\/16009"}],"collection":[{"href":"https:\/\/wellenreiten-surfen.de\/index.php?rest_route=\/wp\/v2\/product"}],"about":[{"href":"https:\/\/wellenreiten-surfen.de\/index.php?rest_route=\/wp\/v2\/types\/product"}],"replies":[{"embeddable":true,"href":"https:\/\/wellenreiten-surfen.de\/index.php?rest_route=%2Fwp%2Fv2%2Fcomments&post=16009"}],"wp:featuredmedia":[{"embeddable":true,"href":"https:\/\/wellenreiten-surfen.de\/index.php?rest_route=\/wp\/v2\/media\/16010"}],"wp:attachment":[{"href":"https:\/\/wellenreiten-surfen.de\/index.php?rest_route=%2Fwp%2Fv2%2Fmedia&parent=16009"}],"wp:term":[{"taxonomy":"product_cat","embeddable":true,"href":"https:\/\/wellenreiten-surfen.de\/index.php?rest_route=%2Fwp%2Fv2%2Fproduct_cat&post=16009"},{"taxonomy":"product_tag","embeddable":true,"href":"https:\/\/wellenreiten-surfen.de\/index.php?rest_route=%2Fwp%2Fv2%2Fproduct_tag&post=16009"}],"curies":[{"name":"wp","href":"https:\/\/api.w.org\/{rel}","templated":true}]}}