{"id":16023,"date":"2021-04-30T04:29:11","date_gmt":"2021-04-30T04:29:11","guid":{"rendered":"https:\/\/wellenreiten-surfen.de\/?product=dakine-unisex-10002831-daylight-surfboard-bag-thruster"},"modified":"2023-04-05T22:55:10","modified_gmt":"2023-04-05T22:55:10","slug":"dakine-unisex-10002831-daylight-surfboard-bag-thruster","status":"publish","type":"product","link":"https:\/\/wellenreiten-surfen.de\/?product=dakine-unisex-10002831-daylight-surfboard-bag-thruster","title":{"rendered":"Dakine Daylight Surfboard-Tasche, Thruster, dunkles Ashcroft-Camo"},"content":{"rendered":"<p><!-- show up to 2 reviews by default --> <\/p>\n<p>Behandeln Sie Ihr Brett richtig. Von der routinem\u00e4\u00dfigen Aufbewahrung bis hin zum t\u00e4glichen Transport bietet unsere Daylight Surfboard-Tasche eine unschlagbar leichte, gepolsterte Abdeckung. Es ist in einer Vielzahl von Gr\u00f6\u00dfen erh\u00e4ltlich, um fast jede Thruster-Board unterzubringen. Einmal eingepackt, bietet Ihr Board eine hitze- und wasserabweisende Abdeckung sowie einen durchgehenden 6,5 mm Schaumstoff-gepolsterten Dellenschutz. Ein gepolsterter Schultergurt l\u00e4sst Ihre H\u00e4nde frei f\u00fcr andere Ausr\u00fcstung. <\/p>\n<p>Vielseitige Form, passend f\u00fcr die meisten Thruster-Form-Boards<br \/>\nVerbessertes hitze- und wasserabweisendes Planenmaterial<br \/>\nVerschluss: Rei\u00dfverschluss<br \/>\nDakine Daylight Surfboard Bag &#8211; Thruster<br \/>\nModellnummer: DAKINE<br \/>\n6,5 mm Schaumstoffpolsterung<br \/>\nStrapazierf\u00e4higer YKK-Spiralrei\u00dfverschluss<br \/>\nRutschfester, gepolsterter Schultergurt mit versteckter Tasche<br \/>\n<div class=\"main-cross-sell\" data-asin=\"B07XRTX1TH\">\n\n\t<div class=\"WooZone-cross-sell-loader\">\n\t\t<div>\n\t\t\t<div id=\"floatingBarsG\">\n\t\t\t\t<div class=\"blockG\" id=\"rotateG_01\"><\/div>\n\t\t\t\t<div class=\"blockG\" id=\"rotateG_02\"><\/div>\n\t\t\t\t<div class=\"blockG\" id=\"rotateG_03\"><\/div>\n\t\t\t\t<div class=\"blockG\" id=\"rotateG_04\"><\/div>\n\t\t\t\t<div class=\"blockG\" id=\"rotateG_05\"><\/div>\n\t\t\t\t<div class=\"blockG\" id=\"rotateG_06\"><\/div>\n\t\t\t\t<div class=\"blockG\" id=\"rotateG_07\"><\/div>\n\t\t\t\t<div class=\"blockG\" id=\"rotateG_08\"><\/div>\n\t\t\t<\/div>\n\t\t\t<div class=\"WooZone-cross-sell-loader-text\"><\/div>\n\t\t<\/div>\n\t<\/div>\n\n\t\t\n<\/div>\n<div style=\"clear:both;\"><\/div>\n","protected":false},"excerpt":{"rendered":"<p>Vielseitige Form, passend f\u00fcr die meisten Thruster-Form-Boards<br \/>\nVerbessertes hitze- und wasserabweisendes Planenmaterial<br \/>\nVerschluss: Rei\u00dfverschluss<\/p>\n","protected":false},"featured_media":16024,"comment_status":"open","ping_status":"closed","template":"","meta":[],"product_cat":[52],"product_tag":[],"_links":{"self":[{"href":"https:\/\/wellenreiten-surfen.de\/index.php?rest_route=\/wp\/v2\/product\/16023"}],"collection":[{"href":"https:\/\/wellenreiten-surfen.de\/index.php?rest_route=\/wp\/v2\/product"}],"about":[{"href":"https:\/\/wellenreiten-surfen.de\/index.php?rest_route=\/wp\/v2\/types\/product"}],"replies":[{"embeddable":true,"href":"https:\/\/wellenreiten-surfen.de\/index.php?rest_route=%2Fwp%2Fv2%2Fcomments&post=16023"}],"wp:featuredmedia":[{"embeddable":true,"href":"https:\/\/wellenreiten-surfen.de\/index.php?rest_route=\/wp\/v2\/media\/16024"}],"wp:attachment":[{"href":"https:\/\/wellenreiten-surfen.de\/index.php?rest_route=%2Fwp%2Fv2%2Fmedia&parent=16023"}],"wp:term":[{"taxonomy":"product_cat","embeddable":true,"href":"https:\/\/wellenreiten-surfen.de\/index.php?rest_route=%2Fwp%2Fv2%2Fproduct_cat&post=16023"},{"taxonomy":"product_tag","embeddable":true,"href":"https:\/\/wellenreiten-surfen.de\/index.php?rest_route=%2Fwp%2Fv2%2Fproduct_tag&post=16023"}],"curies":[{"name":"wp","href":"https:\/\/api.w.org\/{rel}","templated":true}]}}