{"id":16045,"date":"2021-04-30T04:29:19","date_gmt":"2021-04-30T04:29:19","guid":{"rendered":"https:\/\/wellenreiten-surfen.de\/?product=roam-coffin-wheelie-surf-board-bag"},"modified":"2023-04-05T22:55:10","modified_gmt":"2023-04-05T22:55:10","slug":"roam-coffin-wheelie-surf-board-bag","status":"publish","type":"product","link":"https:\/\/wellenreiten-surfen.de\/?product=roam-coffin-wheelie-surf-board-bag","title":{"rendered":"Roam Coffin Wheelie Surf Board Bag"},"content":{"rendered":"<div id='gallery-1' class='gallery galleryid-16045 gallery-columns-3 gallery-size-thumbnail'><figure class='gallery-item'>\n\t\t\t<div class='gallery-icon landscape'>\n\t\t\t\t<a href='https:\/\/wellenreiten-surfen.de\/?attachment_id=16046'><img width=\"150\" height=\"150\" src=\"https:\/\/images-na.ssl-images-amazon.com\/images\/I\/41nu%2BD610zL._SS150_.jpg\" class=\"attachment-thumbnail size-thumbnail\" alt=\"\" decoding=\"async\" loading=\"lazy\" srcset=\"https:\/\/images-na.ssl-images-amazon.com\/images\/I\/41nu%2BD610zL._SS150_.jpg 150w, https:\/\/images-na.ssl-images-amazon.com\/images\/I\/41nu%2BD610zL._SS300_.jpg 300w, https:\/\/images-na.ssl-images-amazon.com\/images\/I\/41nu%2BD610zL._SS768_.jpg 768w, https:\/\/images-na.ssl-images-amazon.com\/images\/I\/41nu%2BD610zL._SS1024_.jpg 1024w, https:\/\/images-na.ssl-images-amazon.com\/images\/I\/41nu%2BD610zL._SS1536_.jpg 1536w, https:\/\/images-na.ssl-images-amazon.com\/images\/I\/41nu%2BD610zL._SS2048_.jpg 2048w, https:\/\/images-na.ssl-images-amazon.com\/images\/I\/41nu%2BD610zL._SS80_.jpg 80w, https:\/\/images-na.ssl-images-amazon.com\/images\/I\/41nu%2BD610zL._SS200_.jpg 200w, https:\/\/images-na.ssl-images-amazon.com\/images\/I\/41nu%2BD610zL.jpg 500w, https:\/\/images-na.ssl-images-amazon.com\/images\/I\/41nu%2BD610zL._SS450_.jpg 450w, https:\/\/images-na.ssl-images-amazon.com\/images\/I\/41nu%2BD610zL._SS1400_.jpg 1400w, https:\/\/images-na.ssl-images-amazon.com\/images\/I\/41nu%2BD610zL._SS180_.jpg 180w, https:\/\/images-na.ssl-images-amazon.com\/images\/I\/41nu%2BD610zL._SS600_.jpg 600w, https:\/\/images-na.ssl-images-amazon.com\/images\/I\/41nu%2BD610zL._SS100_.jpg 100w\" sizes=\"(max-width: 150px) 100vw, 150px\" \/><\/a>\n\t\t\t<\/div><\/figure><figure class='gallery-item'>\n\t\t\t<div class='gallery-icon landscape'>\n\t\t\t\t<a href='https:\/\/wellenreiten-surfen.de\/?attachment_id=16047'><img width=\"150\" height=\"150\" src=\"https:\/\/images-na.ssl-images-amazon.com\/images\/I\/413mAYYdtQL._SS150_.jpg\" class=\"attachment-thumbnail size-thumbnail\" alt=\"\" decoding=\"async\" loading=\"lazy\" srcset=\"https:\/\/images-na.ssl-images-amazon.com\/images\/I\/413mAYYdtQL._SS150_.jpg 150w, https:\/\/images-na.ssl-images-amazon.com\/images\/I\/413mAYYdtQL._SS300_.jpg 300w, https:\/\/images-na.ssl-images-amazon.com\/images\/I\/413mAYYdtQL._SS768_.jpg 768w, https:\/\/images-na.ssl-images-amazon.com\/images\/I\/413mAYYdtQL._SS1024_.jpg 1024w, https:\/\/images-na.ssl-images-amazon.com\/images\/I\/413mAYYdtQL._SS1536_.jpg 1536w, https:\/\/images-na.ssl-images-amazon.com\/images\/I\/413mAYYdtQL._SS2048_.jpg 2048w, https:\/\/images-na.ssl-images-amazon.com\/images\/I\/413mAYYdtQL._SS80_.jpg 80w, https:\/\/images-na.ssl-images-amazon.com\/images\/I\/413mAYYdtQL._SS200_.jpg 200w, https:\/\/images-na.ssl-images-amazon.com\/images\/I\/413mAYYdtQL.jpg 500w, https:\/\/images-na.ssl-images-amazon.com\/images\/I\/413mAYYdtQL._SS450_.jpg 450w, https:\/\/images-na.ssl-images-amazon.com\/images\/I\/413mAYYdtQL._SS1400_.jpg 1400w, https:\/\/images-na.ssl-images-amazon.com\/images\/I\/413mAYYdtQL._SS180_.jpg 180w, https:\/\/images-na.ssl-images-amazon.com\/images\/I\/413mAYYdtQL._SS600_.jpg 600w, https:\/\/images-na.ssl-images-amazon.com\/images\/I\/413mAYYdtQL._SS100_.jpg 100w\" sizes=\"(max-width: 150px) 100vw, 150px\" \/><\/a>\n\t\t\t<\/div><\/figure><figure class='gallery-item'>\n\t\t\t<div class='gallery-icon landscape'>\n\t\t\t\t<a href='https:\/\/wellenreiten-surfen.de\/?attachment_id=16048'><img width=\"150\" height=\"150\" src=\"https:\/\/images-na.ssl-images-amazon.com\/images\/I\/51WARCOvtfL._SS150_.jpg\" class=\"attachment-thumbnail size-thumbnail\" alt=\"\" decoding=\"async\" loading=\"lazy\" srcset=\"https:\/\/images-na.ssl-images-amazon.com\/images\/I\/51WARCOvtfL._SS150_.jpg 150w, https:\/\/images-na.ssl-images-amazon.com\/images\/I\/51WARCOvtfL._SS300_.jpg 300w, https:\/\/images-na.ssl-images-amazon.com\/images\/I\/51WARCOvtfL._SS768_.jpg 768w, https:\/\/images-na.ssl-images-amazon.com\/images\/I\/51WARCOvtfL._SS1024_.jpg 1024w, https:\/\/images-na.ssl-images-amazon.com\/images\/I\/51WARCOvtfL._SS1536_.jpg 1536w, https:\/\/images-na.ssl-images-amazon.com\/images\/I\/51WARCOvtfL._SS2048_.jpg 2048w, https:\/\/images-na.ssl-images-amazon.com\/images\/I\/51WARCOvtfL._SS80_.jpg 80w, https:\/\/images-na.ssl-images-amazon.com\/images\/I\/51WARCOvtfL._SS200_.jpg 200w, https:\/\/images-na.ssl-images-amazon.com\/images\/I\/51WARCOvtfL.jpg 500w, https:\/\/images-na.ssl-images-amazon.com\/images\/I\/51WARCOvtfL._SS450_.jpg 450w, https:\/\/images-na.ssl-images-amazon.com\/images\/I\/51WARCOvtfL._SS1400_.jpg 1400w, https:\/\/images-na.ssl-images-amazon.com\/images\/I\/51WARCOvtfL._SS180_.jpg 180w, https:\/\/images-na.ssl-images-amazon.com\/images\/I\/51WARCOvtfL._SS600_.jpg 600w, https:\/\/images-na.ssl-images-amazon.com\/images\/I\/51WARCOvtfL._SS100_.jpg 100w\" sizes=\"(max-width: 150px) 100vw, 150px\" \/><\/a>\n\t\t\t<\/div><\/figure>\n\t\t<\/div>\n<br \/>\n<!-- show up to 2 reviews by default --> <\/p>\n<p>Das Wheelie Coffin verf\u00fcgt \u00fcber unser High Roller-Radsystem &#8211; eine gro\u00dfe Radgr\u00f6\u00dfe und ein gr\u00f6\u00dferer Radabstand sowie 2 Schwerlastkufen vermeiden den gef\u00fcrchteten Taschenzug \u00fcber den Boden. So vermeidet man Verschleiss am Taschenboden. Es passen bis zu 4 Surfboards in das Bag. Die Taschen sind lang geschnitten, um die Hinzunahme einer zus\u00e4tzlichen Polsterung zu erm\u00f6glichen, oder die Bretter in Daybags verpackt in das Bag zu legen. F\u00fcr Flugreisen empfehlen wir die Boards zus\u00e4tzlich in Daybags zu packen damit diese maximal gesch\u00fctzt sind. Das Coffin ist daf\u00fcr gro\u00df genug ausgelegt und auf diese Weise hat man gleich Einzelbags dabei, um sie am Urlaubsort zu verwenden. Der Lieferumfang beinhaltet eine Boardtasche mit Schultergurt.<\/p>\n<p> Abnehmbarer schnallenloser Gurt f\u00fcr besseren Komfort Rei\u00dfverschl\u00fcsse hochbelastbar, rostfrei und leichtg\u00e4ngig Vermeidung von Verschleiss am Taschenboden durch Schwerlastkufen Eingebaute High Roller R\u00e4der Zus\u00e4tzliche innere Radauflage 10mm hochdichte Polsterung sowie 600D Seitenteile Extra verst\u00e4rkte Nose und Tail <\/p>\n<p>Robustes 10mm gepolstertes Boardbag mit Rollen, geeignet f\u00fcr bis zu 4 Surfboards, ideal f\u00fcr Flugreisen.<br \/>\nDie Taschen sind lang geschnitten, um die Hinzunahme einer zus\u00e4tzlichen Polsterung zu erm\u00f6glichen, oder die Bretter in Daybags verpackt in das Bag zu legen.<br \/>\nDieses heavy duty Bag sch\u00fctzt Deine Bretter beim Flugreisen und wenn es beim transport mal hart hergehen sollte.<br \/>\nDas Wheelie Coffin verf\u00fcgt \u00fcber unser High Roller-Radsystem &#8211; eine gro\u00dfe Radgr\u00f6\u00dfe und ein gr\u00f6\u00dferer Radabstand sowie 2 Schwerlastkufen vermeiden den gef\u00fcrchteten Taschenzug \u00fcber den Boden<br \/>\nInnenabmessungen: 261cm x 62cm x 23cm<br \/>\n<div class=\"main-cross-sell\" data-asin=\"B07XFDG9RH\">\n\n\t<div class=\"WooZone-cross-sell-loader\">\n\t\t<div>\n\t\t\t<div id=\"floatingBarsG\">\n\t\t\t\t<div class=\"blockG\" id=\"rotateG_01\"><\/div>\n\t\t\t\t<div class=\"blockG\" id=\"rotateG_02\"><\/div>\n\t\t\t\t<div class=\"blockG\" id=\"rotateG_03\"><\/div>\n\t\t\t\t<div class=\"blockG\" id=\"rotateG_04\"><\/div>\n\t\t\t\t<div class=\"blockG\" id=\"rotateG_05\"><\/div>\n\t\t\t\t<div class=\"blockG\" id=\"rotateG_06\"><\/div>\n\t\t\t\t<div class=\"blockG\" id=\"rotateG_07\"><\/div>\n\t\t\t\t<div class=\"blockG\" id=\"rotateG_08\"><\/div>\n\t\t\t<\/div>\n\t\t\t<div class=\"WooZone-cross-sell-loader-text\"><\/div>\n\t\t<\/div>\n\t<\/div>\n\n\t\t\n<\/div>\n<div style=\"clear:both;\"><\/div>\n","protected":false},"excerpt":{"rendered":"<p>Robustes 10mm gepolstertes Boardbag mit Rollen, geeignet f\u00fcr bis zu 4 Surfboards, ideal f\u00fcr Flugreisen.<br \/>\nDie Taschen sind lang geschnitten, um die Hinzunahme einer zus\u00e4tzlichen Polsterung zu erm\u00f6glichen, oder die Bretter in Daybags verpackt in das Bag zu legen.<br \/>\nDieses heavy duty Bag sch\u00fctzt Deine Bretter beim Flugreisen und wenn es beim transport mal hart hergehen sollte.<\/p>\n","protected":false},"featured_media":16046,"comment_status":"open","ping_status":"closed","template":"","meta":[],"product_cat":[52],"product_tag":[],"_links":{"self":[{"href":"https:\/\/wellenreiten-surfen.de\/index.php?rest_route=\/wp\/v2\/product\/16045"}],"collection":[{"href":"https:\/\/wellenreiten-surfen.de\/index.php?rest_route=\/wp\/v2\/product"}],"about":[{"href":"https:\/\/wellenreiten-surfen.de\/index.php?rest_route=\/wp\/v2\/types\/product"}],"replies":[{"embeddable":true,"href":"https:\/\/wellenreiten-surfen.de\/index.php?rest_route=%2Fwp%2Fv2%2Fcomments&post=16045"}],"wp:featuredmedia":[{"embeddable":true,"href":"https:\/\/wellenreiten-surfen.de\/index.php?rest_route=\/wp\/v2\/media\/16046"}],"wp:attachment":[{"href":"https:\/\/wellenreiten-surfen.de\/index.php?rest_route=%2Fwp%2Fv2%2Fmedia&parent=16045"}],"wp:term":[{"taxonomy":"product_cat","embeddable":true,"href":"https:\/\/wellenreiten-surfen.de\/index.php?rest_route=%2Fwp%2Fv2%2Fproduct_cat&post=16045"},{"taxonomy":"product_tag","embeddable":true,"href":"https:\/\/wellenreiten-surfen.de\/index.php?rest_route=%2Fwp%2Fv2%2Fproduct_tag&post=16045"}],"curies":[{"name":"wp","href":"https:\/\/api.w.org\/{rel}","templated":true}]}}