{"id":16066,"date":"2021-04-30T04:32:21","date_gmt":"2021-04-30T04:32:21","guid":{"rendered":"https:\/\/wellenreiten-surfen.de\/?product=concept-x-doppel-boardbag-pro-xx-245-65"},"modified":"2023-04-06T23:11:38","modified_gmt":"2023-04-06T23:11:38","slug":"concept-x-doppel-boardbag-pro-xx-245-65","status":"publish","type":"product","link":"https:\/\/wellenreiten-surfen.de\/?product=concept-x-doppel-boardbag-pro-xx-245-65","title":{"rendered":"Concept X Doppel-Boardbag Pro XX 245\/65"},"content":{"rendered":"<p><!-- show up to 2 reviews by default --> <\/p>\n<p>Das Concept X Pipe Double Boardbag ist der ideale Flugbegleiter f\u00fcr zwei Boards oder ein Board mit Equipment. Die Boards sind durch eine Zwischenlage getrennt. Das Boardbag zeichnet sich durch robuste Verarbeitung und extra Verst\u00e4rkungen aus. Stabile Tragegriffe vorn und hinten sorgen f\u00fcr ein gutes Handling. Die speziellen gro\u00dfen, aber sehr leichten Offroad Wheels sind bei allen Concept X Double Boardbags selbstverst\u00e4ndlich und f\u00fcr den bequemen Transport unerl\u00e4sslich. Durch den umlaufenden Rei\u00dfverschluss l\u00e4sst sich das Board ausserdem bequem von hinten vom Autodach nehmen. Abnehmbarer Schultergurt.<\/p>\n<p><\/p>\n<p>Polsterung: 12mm <br \/> L\u00e4nge: ca. 244cm<br \/> H\u00f6he: 23 <br \/> Breite: 63cm <\/p>\n<div class=\"main-cross-sell\" data-asin=\"B00JV3JIMI\">\n\n\t<div class=\"WooZone-cross-sell-loader\">\n\t\t<div>\n\t\t\t<div id=\"floatingBarsG\">\n\t\t\t\t<div class=\"blockG\" id=\"rotateG_01\"><\/div>\n\t\t\t\t<div class=\"blockG\" id=\"rotateG_02\"><\/div>\n\t\t\t\t<div class=\"blockG\" id=\"rotateG_03\"><\/div>\n\t\t\t\t<div class=\"blockG\" id=\"rotateG_04\"><\/div>\n\t\t\t\t<div class=\"blockG\" id=\"rotateG_05\"><\/div>\n\t\t\t\t<div class=\"blockG\" id=\"rotateG_06\"><\/div>\n\t\t\t\t<div class=\"blockG\" id=\"rotateG_07\"><\/div>\n\t\t\t\t<div class=\"blockG\" id=\"rotateG_08\"><\/div>\n\t\t\t<\/div>\n\t\t\t<div class=\"WooZone-cross-sell-loader-text\"><\/div>\n\t\t<\/div>\n\t<\/div>\n\n\t\t\n<\/div>\n<div style=\"clear:both;\"><\/div>\n","protected":false},"excerpt":{"rendered":"<p>Das Concept X Pipe Double Boardbag ist der ideale Flugbegleiter f\u00fcr zwei Boards oder ein Board mit Equipment. Die Boards sind durch eine Zwischenlage getrennt. Das Boardbag zeichnet sich durch robuste Verarbeitung und extra Verst\u00e4rkungen aus. Stabile Tragegriffe vorn und hinten sorgen f\u00fcr ein gutes Handling. Die speziellen gro\u00dfen, aber sehr leichten Offroad Wheels sind [&hellip;]<\/p>\n","protected":false},"featured_media":16067,"comment_status":"open","ping_status":"closed","template":"","meta":[],"product_cat":[52],"product_tag":[],"_links":{"self":[{"href":"https:\/\/wellenreiten-surfen.de\/index.php?rest_route=\/wp\/v2\/product\/16066"}],"collection":[{"href":"https:\/\/wellenreiten-surfen.de\/index.php?rest_route=\/wp\/v2\/product"}],"about":[{"href":"https:\/\/wellenreiten-surfen.de\/index.php?rest_route=\/wp\/v2\/types\/product"}],"replies":[{"embeddable":true,"href":"https:\/\/wellenreiten-surfen.de\/index.php?rest_route=%2Fwp%2Fv2%2Fcomments&post=16066"}],"wp:featuredmedia":[{"embeddable":true,"href":"https:\/\/wellenreiten-surfen.de\/index.php?rest_route=\/wp\/v2\/media\/16067"}],"wp:attachment":[{"href":"https:\/\/wellenreiten-surfen.de\/index.php?rest_route=%2Fwp%2Fv2%2Fmedia&parent=16066"}],"wp:term":[{"taxonomy":"product_cat","embeddable":true,"href":"https:\/\/wellenreiten-surfen.de\/index.php?rest_route=%2Fwp%2Fv2%2Fproduct_cat&post=16066"},{"taxonomy":"product_tag","embeddable":true,"href":"https:\/\/wellenreiten-surfen.de\/index.php?rest_route=%2Fwp%2Fv2%2Fproduct_tag&post=16066"}],"curies":[{"name":"wp","href":"https:\/\/api.w.org\/{rel}","templated":true}]}}