{"id":16072,"date":"2021-04-30T04:32:25","date_gmt":"2021-04-30T04:32:25","guid":{"rendered":"https:\/\/wellenreiten-surfen.de\/?product=mystic-star-wave-black-boardbag"},"modified":"2023-04-06T23:11:38","modified_gmt":"2023-04-06T23:11:38","slug":"mystic-star-wave-black-boardbag","status":"publish","type":"product","link":"https:\/\/wellenreiten-surfen.de\/?product=mystic-star-wave-black-boardbag","title":{"rendered":"Mystic Star Wave Black Boardbag"},"content":{"rendered":"<div id='gallery-1' class='gallery galleryid-16072 gallery-columns-3 gallery-size-thumbnail'><figure class='gallery-item'>\n\t\t\t<div class='gallery-icon landscape'>\n\t\t\t\t<a href='https:\/\/wellenreiten-surfen.de\/?attachment_id=16073'><img width=\"150\" height=\"150\" src=\"https:\/\/images-na.ssl-images-amazon.com\/images\/I\/31xZi8GFYHL._SS150_.jpg\" class=\"attachment-thumbnail size-thumbnail\" alt=\"\" decoding=\"async\" loading=\"lazy\" srcset=\"https:\/\/images-na.ssl-images-amazon.com\/images\/I\/31xZi8GFYHL._SS150_.jpg 150w, https:\/\/images-na.ssl-images-amazon.com\/images\/I\/31xZi8GFYHL._SS300_.jpg 300w, https:\/\/images-na.ssl-images-amazon.com\/images\/I\/31xZi8GFYHL._SS768_.jpg 768w, https:\/\/images-na.ssl-images-amazon.com\/images\/I\/31xZi8GFYHL._SS1024_.jpg 1024w, https:\/\/images-na.ssl-images-amazon.com\/images\/I\/31xZi8GFYHL._SS1536_.jpg 1536w, https:\/\/images-na.ssl-images-amazon.com\/images\/I\/31xZi8GFYHL._SS2048_.jpg 2048w, https:\/\/images-na.ssl-images-amazon.com\/images\/I\/31xZi8GFYHL._SS80_.jpg 80w, https:\/\/images-na.ssl-images-amazon.com\/images\/I\/31xZi8GFYHL._SS200_.jpg 200w, https:\/\/images-na.ssl-images-amazon.com\/images\/I\/31xZi8GFYHL.jpg 500w, https:\/\/images-na.ssl-images-amazon.com\/images\/I\/31xZi8GFYHL._SS450_.jpg 450w, https:\/\/images-na.ssl-images-amazon.com\/images\/I\/31xZi8GFYHL._SS1400_.jpg 1400w, https:\/\/images-na.ssl-images-amazon.com\/images\/I\/31xZi8GFYHL._SS180_.jpg 180w, https:\/\/images-na.ssl-images-amazon.com\/images\/I\/31xZi8GFYHL._SS600_.jpg 600w, https:\/\/images-na.ssl-images-amazon.com\/images\/I\/31xZi8GFYHL._SS100_.jpg 100w\" sizes=\"(max-width: 150px) 100vw, 150px\" \/><\/a>\n\t\t\t<\/div><\/figure><figure class='gallery-item'>\n\t\t\t<div class='gallery-icon landscape'>\n\t\t\t\t<a href='https:\/\/wellenreiten-surfen.de\/?attachment_id=16074'><img width=\"150\" height=\"150\" src=\"https:\/\/images-na.ssl-images-amazon.com\/images\/I\/315LEKbuXyL._SS150_.jpg\" class=\"attachment-thumbnail size-thumbnail\" alt=\"\" decoding=\"async\" loading=\"lazy\" srcset=\"https:\/\/images-na.ssl-images-amazon.com\/images\/I\/315LEKbuXyL._SS150_.jpg 150w, https:\/\/images-na.ssl-images-amazon.com\/images\/I\/315LEKbuXyL._SS300_.jpg 300w, https:\/\/images-na.ssl-images-amazon.com\/images\/I\/315LEKbuXyL._SS768_.jpg 768w, https:\/\/images-na.ssl-images-amazon.com\/images\/I\/315LEKbuXyL._SS1024_.jpg 1024w, https:\/\/images-na.ssl-images-amazon.com\/images\/I\/315LEKbuXyL._SS1536_.jpg 1536w, https:\/\/images-na.ssl-images-amazon.com\/images\/I\/315LEKbuXyL._SS2048_.jpg 2048w, https:\/\/images-na.ssl-images-amazon.com\/images\/I\/315LEKbuXyL._SS80_.jpg 80w, https:\/\/images-na.ssl-images-amazon.com\/images\/I\/315LEKbuXyL._SS200_.jpg 200w, https:\/\/images-na.ssl-images-amazon.com\/images\/I\/315LEKbuXyL.jpg 500w, https:\/\/images-na.ssl-images-amazon.com\/images\/I\/315LEKbuXyL._SS450_.jpg 450w, https:\/\/images-na.ssl-images-amazon.com\/images\/I\/315LEKbuXyL._SS1400_.jpg 1400w, https:\/\/images-na.ssl-images-amazon.com\/images\/I\/315LEKbuXyL._SS180_.jpg 180w, https:\/\/images-na.ssl-images-amazon.com\/images\/I\/315LEKbuXyL._SS600_.jpg 600w, https:\/\/images-na.ssl-images-amazon.com\/images\/I\/315LEKbuXyL._SS100_.jpg 100w\" sizes=\"(max-width: 150px) 100vw, 150px\" \/><\/a>\n\t\t\t<\/div><\/figure>\n\t\t<\/div>\n<br \/>\n<!-- show up to 2 reviews by default --> <\/p>\n<p>Boardbag f\u00fcr ein einzelnes Board. Mit 8 mm Polsterung sch\u00fctzt die Wave Boardbag dein SUP vor St\u00f6\u00dfen. Die silberbeschichtete Au\u00dfenseite sch\u00fctzt die Wachsbeschichtung deines Boards vor \u00fcberm\u00e4\u00dfiger Hitze durch Sonneneinstrahlung.<br \/>Merkmale:<br \/>8 mm Polsterung<br \/>stabiler Rei\u00dfverschluss<br \/>Schultergurt<br \/>Handgriff<br \/>Silberbeschichtung<br \/>Finnenslot<br \/>Gr\u00f6\u00dfentabelle<\/p>\n<p>Gr\u00f6\u00dfe<br \/>Breite<br \/>Dicke<br \/>max. Boardl\u00e4nge<\/p>\n<p>170 cm<br \/>55 cm<br \/>10 cm<br \/>5&#8217;7&#8242;<\/p>\n<p>180 cm<br \/>55 cm<br \/>10 cm<br \/>6&#8217;0&#8242;<\/p>\n<p>190 cm<br \/>55 cm<br \/>10 cm<br \/>6&#8217;3&#8242;<\/p>\n<p>8mm Padding<br \/>\nHeavy Duty Zipper<br \/>\nSchulterriemen<br \/>\nTragegurt<br \/>\nSilber Tarpe Sunblock<br \/>\n<div class=\"main-cross-sell\" data-asin=\"B06Y3FWV3R\">\n\n\t<div class=\"WooZone-cross-sell-loader\">\n\t\t<div>\n\t\t\t<div id=\"floatingBarsG\">\n\t\t\t\t<div class=\"blockG\" id=\"rotateG_01\"><\/div>\n\t\t\t\t<div class=\"blockG\" id=\"rotateG_02\"><\/div>\n\t\t\t\t<div class=\"blockG\" id=\"rotateG_03\"><\/div>\n\t\t\t\t<div class=\"blockG\" id=\"rotateG_04\"><\/div>\n\t\t\t\t<div class=\"blockG\" id=\"rotateG_05\"><\/div>\n\t\t\t\t<div class=\"blockG\" id=\"rotateG_06\"><\/div>\n\t\t\t\t<div class=\"blockG\" id=\"rotateG_07\"><\/div>\n\t\t\t\t<div class=\"blockG\" id=\"rotateG_08\"><\/div>\n\t\t\t<\/div>\n\t\t\t<div class=\"WooZone-cross-sell-loader-text\"><\/div>\n\t\t<\/div>\n\t<\/div>\n\n\t\t\n<\/div>\n<div style=\"clear:both;\"><\/div>\n","protected":false},"excerpt":{"rendered":"<p>8mm Padding<br \/>\nHeavy Duty Zipper<br \/>\nSchulterriemen<\/p>\n","protected":false},"featured_media":16073,"comment_status":"open","ping_status":"closed","template":"","meta":[],"product_cat":[52],"product_tag":[],"_links":{"self":[{"href":"https:\/\/wellenreiten-surfen.de\/index.php?rest_route=\/wp\/v2\/product\/16072"}],"collection":[{"href":"https:\/\/wellenreiten-surfen.de\/index.php?rest_route=\/wp\/v2\/product"}],"about":[{"href":"https:\/\/wellenreiten-surfen.de\/index.php?rest_route=\/wp\/v2\/types\/product"}],"replies":[{"embeddable":true,"href":"https:\/\/wellenreiten-surfen.de\/index.php?rest_route=%2Fwp%2Fv2%2Fcomments&post=16072"}],"wp:featuredmedia":[{"embeddable":true,"href":"https:\/\/wellenreiten-surfen.de\/index.php?rest_route=\/wp\/v2\/media\/16073"}],"wp:attachment":[{"href":"https:\/\/wellenreiten-surfen.de\/index.php?rest_route=%2Fwp%2Fv2%2Fmedia&parent=16072"}],"wp:term":[{"taxonomy":"product_cat","embeddable":true,"href":"https:\/\/wellenreiten-surfen.de\/index.php?rest_route=%2Fwp%2Fv2%2Fproduct_cat&post=16072"},{"taxonomy":"product_tag","embeddable":true,"href":"https:\/\/wellenreiten-surfen.de\/index.php?rest_route=%2Fwp%2Fv2%2Fproduct_tag&post=16072"}],"curies":[{"name":"wp","href":"https:\/\/api.w.org\/{rel}","templated":true}]}}