{"id":16075,"date":"2021-04-30T04:32:29","date_gmt":"2021-04-30T04:32:29","guid":{"rendered":"https:\/\/wellenreiten-surfen.de\/?product=creatures-cover-lite-mini-mal-surfboard-bag-charocal-black-86"},"modified":"2023-04-06T23:11:38","modified_gmt":"2023-04-06T23:11:38","slug":"creatures-cover-lite-mini-mal-surfboard-bag-charocal-black-86","status":"publish","type":"product","link":"https:\/\/wellenreiten-surfen.de\/?product=creatures-cover-lite-mini-mal-surfboard-bag-charocal-black-86","title":{"rendered":"Creatures Cover Lite Mini-Mal Surfboard Bag (Charocal\/Black, 8&#8217;6&#8243;)"},"content":{"rendered":"<p><!-- show up to 2 reviews by default --> <\/p>\n<p>Die ultimative Surf-Reisel\u00f6sung. Die neuesten Innovationen von Creatures haben sich kombiniert, um die st\u00e4rksten, leichtesten und zuverl\u00e4ssigsten Board-H\u00fcllen der Welt zu schaffen. <\/p>\n<p>Hergestellt aus 420D Stoff und hitzebest\u00e4ndigem Silber Poly. Verf\u00fcgt \u00fcber einen korrosionsbest\u00e4ndigen Nylon-Rei\u00dfverschluss und einen Flossenschlitz mit Rei\u00dfverschluss. <\/p>\n<p>In allem, was wir bei Creatures of Leisure machen \u2013 und wir tun es jetzt 30 Jahre \u2013 wir sind bestrebt, die Lektionen unserer Erfahrung mit modernsten Materialien und Designs zu verbinden, um hochfunktionelle, hochwertige Surf-Accessoires zu schaffen, die f\u00fcr die Ewigkeit gebaut sind. Yallingup Western Australia ist Heim- und Testplatz f\u00fcr Creatures of Leisure Produkte. Keines unserer Surfprodukte trifft auf den Markt, ohne von unseren Mitarbeitern und gesponserten Fahrern ein gr\u00fcndliches Training in den schwersten Wellen gegeben zu werden oder von Mitgliedern unseres internationalen Surfteams weiter entfernt zu werden. <\/p>\n<p>F\u00fcr 1 Brett<br \/>\nMaximale Breite: 55,9 cm<br \/>\n420D Stoff und hitzebest\u00e4ndiges Polyster<br \/>\n3 mm geschlossenzellige Schaumstoffpolsterung<br \/>\nSchultergurt<br \/>\n<div class=\"main-cross-sell\" data-asin=\"B01N7GIJEK\">\n\n\t<div class=\"WooZone-cross-sell-loader\">\n\t\t<div>\n\t\t\t<div id=\"floatingBarsG\">\n\t\t\t\t<div class=\"blockG\" id=\"rotateG_01\"><\/div>\n\t\t\t\t<div class=\"blockG\" id=\"rotateG_02\"><\/div>\n\t\t\t\t<div class=\"blockG\" id=\"rotateG_03\"><\/div>\n\t\t\t\t<div class=\"blockG\" id=\"rotateG_04\"><\/div>\n\t\t\t\t<div class=\"blockG\" id=\"rotateG_05\"><\/div>\n\t\t\t\t<div class=\"blockG\" id=\"rotateG_06\"><\/div>\n\t\t\t\t<div class=\"blockG\" id=\"rotateG_07\"><\/div>\n\t\t\t\t<div class=\"blockG\" id=\"rotateG_08\"><\/div>\n\t\t\t<\/div>\n\t\t\t<div class=\"WooZone-cross-sell-loader-text\"><\/div>\n\t\t<\/div>\n\t<\/div>\n\n\t\t\n<\/div>\n<div style=\"clear:both;\"><\/div>\n","protected":false},"excerpt":{"rendered":"<p>F\u00fcr 1 Brett<br \/>\nMaximale Breite: 55,9 cm<br \/>\n420D Stoff und hitzebest\u00e4ndiges Polyster<\/p>\n","protected":false},"featured_media":16076,"comment_status":"open","ping_status":"closed","template":"","meta":[],"product_cat":[52],"product_tag":[],"_links":{"self":[{"href":"https:\/\/wellenreiten-surfen.de\/index.php?rest_route=\/wp\/v2\/product\/16075"}],"collection":[{"href":"https:\/\/wellenreiten-surfen.de\/index.php?rest_route=\/wp\/v2\/product"}],"about":[{"href":"https:\/\/wellenreiten-surfen.de\/index.php?rest_route=\/wp\/v2\/types\/product"}],"replies":[{"embeddable":true,"href":"https:\/\/wellenreiten-surfen.de\/index.php?rest_route=%2Fwp%2Fv2%2Fcomments&post=16075"}],"wp:featuredmedia":[{"embeddable":true,"href":"https:\/\/wellenreiten-surfen.de\/index.php?rest_route=\/wp\/v2\/media\/16076"}],"wp:attachment":[{"href":"https:\/\/wellenreiten-surfen.de\/index.php?rest_route=%2Fwp%2Fv2%2Fmedia&parent=16075"}],"wp:term":[{"taxonomy":"product_cat","embeddable":true,"href":"https:\/\/wellenreiten-surfen.de\/index.php?rest_route=%2Fwp%2Fv2%2Fproduct_cat&post=16075"},{"taxonomy":"product_tag","embeddable":true,"href":"https:\/\/wellenreiten-surfen.de\/index.php?rest_route=%2Fwp%2Fv2%2Fproduct_tag&post=16075"}],"curies":[{"name":"wp","href":"https:\/\/api.w.org\/{rel}","templated":true}]}}