{"id":16077,"date":"2021-04-30T04:32:29","date_gmt":"2021-04-30T04:32:29","guid":{"rendered":"https:\/\/wellenreiten-surfen.de\/?product=ocean-and-earth-barry-basic-longboard-surfboard-bag"},"modified":"2023-04-06T23:11:38","modified_gmt":"2023-04-06T23:11:38","slug":"ocean-and-earth-barry-basic-longboard-surfboard-bag","status":"publish","type":"product","link":"https:\/\/wellenreiten-surfen.de\/?product=ocean-and-earth-barry-basic-longboard-surfboard-bag","title":{"rendered":"Ocean and Earth Barry Basic Longboard Surfboard Bag"},"content":{"rendered":"<p><!-- show up to 2 reviews by default --> <\/p>\n<p>Ocean&amp;Earths Barry Boardbags sind leichte Daycover aus UV best\u00e4ndigen Materialien. Eine zweite Schicht aus 5mm Schaum sch\u00fctzt dein Board vor Schl\u00e4gen und St\u00f6\u00dfen.<\/p>\n<p>Merkmale:<br \/>passend f\u00fcr 1 Board<br \/>Extra Nose Schutz mit 600D Polyester<br \/>3lagiger Schutz<br \/>Schultertragegurt<br \/>haltbare Rei\u00dfverschl\u00fcsse<br \/>Fin Slot<br \/>abnehmbare Aufh\u00e4ngung<br \/>Gr\u00f6\u00dfentabelle <\/p>\n<p>L\u00e4nge<br \/>Breite<br \/>Gewicht<\/p>\n<p>8&#8217;0&#8242; \/ 243 cm<br \/>26.5&#8242; \/ 67 cm<br \/>1,8 kg<\/p>\n<p>8&#8217;6&#8242; \/ 262 cm<br \/>26.5&#8242; \/ 67 cm<br \/>1,9 kg<\/p>\n<p>9&#8217;2&#8242; \/ 280 cm<br \/>26.5&#8242; \/ 67 cm<br \/>1,9 kg<\/p>\n<p>9&#8217;6&#8242; \/ 292 cm<br \/>26.5&#8242; \/ 67 cm<br \/>2,0 kg<\/p>\n<p><\/p>\n<p>Board Bag Capacity (p Sd): Single<br \/>\nBoard Bags: Longboard Bags<br \/>\nBoard Bags: Single Board Bags<br \/>\nColour: Silver<br \/>\nP Sd: Product Type: Board Bag<br \/>\n<div class=\"main-cross-sell\" data-asin=\"B088K3QQX1\">\n\n\t<div class=\"WooZone-cross-sell-loader\">\n\t\t<div>\n\t\t\t<div id=\"floatingBarsG\">\n\t\t\t\t<div class=\"blockG\" id=\"rotateG_01\"><\/div>\n\t\t\t\t<div class=\"blockG\" id=\"rotateG_02\"><\/div>\n\t\t\t\t<div class=\"blockG\" id=\"rotateG_03\"><\/div>\n\t\t\t\t<div class=\"blockG\" id=\"rotateG_04\"><\/div>\n\t\t\t\t<div class=\"blockG\" id=\"rotateG_05\"><\/div>\n\t\t\t\t<div class=\"blockG\" id=\"rotateG_06\"><\/div>\n\t\t\t\t<div class=\"blockG\" id=\"rotateG_07\"><\/div>\n\t\t\t\t<div class=\"blockG\" id=\"rotateG_08\"><\/div>\n\t\t\t<\/div>\n\t\t\t<div class=\"WooZone-cross-sell-loader-text\"><\/div>\n\t\t<\/div>\n\t<\/div>\n\n\t\t\n<\/div>\n<div style=\"clear:both;\"><\/div>\n","protected":false},"excerpt":{"rendered":"<p>Board Bag Capacity (p Sd): Single<br \/>\nBoard Bags: Longboard Bags<br \/>\nBoard Bags: Single Board Bags<\/p>\n","protected":false},"featured_media":16078,"comment_status":"open","ping_status":"closed","template":"","meta":[],"product_cat":[52],"product_tag":[],"_links":{"self":[{"href":"https:\/\/wellenreiten-surfen.de\/index.php?rest_route=\/wp\/v2\/product\/16077"}],"collection":[{"href":"https:\/\/wellenreiten-surfen.de\/index.php?rest_route=\/wp\/v2\/product"}],"about":[{"href":"https:\/\/wellenreiten-surfen.de\/index.php?rest_route=\/wp\/v2\/types\/product"}],"replies":[{"embeddable":true,"href":"https:\/\/wellenreiten-surfen.de\/index.php?rest_route=%2Fwp%2Fv2%2Fcomments&post=16077"}],"wp:featuredmedia":[{"embeddable":true,"href":"https:\/\/wellenreiten-surfen.de\/index.php?rest_route=\/wp\/v2\/media\/16078"}],"wp:attachment":[{"href":"https:\/\/wellenreiten-surfen.de\/index.php?rest_route=%2Fwp%2Fv2%2Fmedia&parent=16077"}],"wp:term":[{"taxonomy":"product_cat","embeddable":true,"href":"https:\/\/wellenreiten-surfen.de\/index.php?rest_route=%2Fwp%2Fv2%2Fproduct_cat&post=16077"},{"taxonomy":"product_tag","embeddable":true,"href":"https:\/\/wellenreiten-surfen.de\/index.php?rest_route=%2Fwp%2Fv2%2Fproduct_tag&post=16077"}],"curies":[{"name":"wp","href":"https:\/\/api.w.org\/{rel}","templated":true}]}}