{"id":16134,"date":"2021-04-30T04:32:57","date_gmt":"2021-04-30T04:32:57","guid":{"rendered":"https:\/\/wellenreiten-surfen.de\/?product=universal-allzweck-transporttasche-347-x-81-cm"},"modified":"2023-04-06T23:11:38","modified_gmt":"2023-04-06T23:11:38","slug":"universal-allzweck-transporttasche-347-x-81-cm","status":"publish","type":"product","link":"https:\/\/wellenreiten-surfen.de\/?product=universal-allzweck-transporttasche-347-x-81-cm","title":{"rendered":"Universal Allzweck Transporttasche 347 x 81 cm"},"content":{"rendered":"<p><!-- show up to 2 reviews by default --> <\/p>\n<p>Universal alllzweck Transport Tasche f\u00fcr Ihre wertvollen Gegenst\u00e4nde \/ G\u00fcter.<\/p>\n<p>Innenabmessung der Tasche: 347 x 81 cm, flach<br \/>Farbe: Schwarz\/Grau<br \/>Gewicht: ca 3,8 kg<\/p>\n<p>Bitte beachten Sie dass dies die INNEN Abmessung der Tasche ist. Der aufzunehmende Gegenstand muss also etwas kleiner sein um hineinzupassen. <br \/>Maximale Abmessung des aufzunehmenden Gegenstands: ca 340 x 71 x 5 cm<\/p>\n<p>Beispiele: Spiegel, Tischplatten, Dekorationsgegenst\u00e4nde, Sonnenschirme, Sportger\u00e4te, Werkzeuge, Arbgeitsger\u00e4te, u.v.m.<\/p>\n<p>Eine wiederverwendbare gepolsterte Tasche, mit Reissverschluss halb umlaufend. Aussen und innen mit Nylongewebe verst\u00e4rkt. Als Polsterung dient ein ca 5mm dicker Kunststoffschaum.<br \/>Die Tasche ist wasserfest aber nicht wasserdicht.<\/p>\n<p>Statt aufw\u00e4ndiger Verpackung mit Luftpolsterfolie und Karton und Tape verwenden Sie ganz einfach diese Transporttasche. Ein Pluspunkt gegen\u00fcber herk\u00f6mmlicher verpackung: Diese Tasche ist wiederverwendbar!<\/p>\n<p>tasche bag verpackung box karton luftpolster folie schaum polster sicher weich schutz lkw paket spedition versand schicken <\/p>\n<p>Universal Allzweck Transporttasche 347 x 81cm 5mm gepolstert mit Reissverschluss<br \/>\nUniversal alllzweck Transport Tasche f\u00fcr Ihre wertvollen Gegenst\u00e4nde.<br \/>\nInnenabmessung der Tasche: 347 x 81 cm, flach &#8211; Farbe: Schwarz\/Grau &#8211; Gewicht: ca 3,8 kg<br \/>\nMaximale Abmessung des aufzunehmenden Gegenstands: ca 340 x 71 x 5 cm<br \/>\nBitte beachten Sie dass dies die INNEN Abmessung der Tasche ist. Der aufzunehmende Gegenstand muss also etwas kleiner sein um hineinzupassen.<br \/>\n<div class=\"main-cross-sell\" data-asin=\"B01LY3F51N\">\n\n\t<div class=\"WooZone-cross-sell-loader\">\n\t\t<div>\n\t\t\t<div id=\"floatingBarsG\">\n\t\t\t\t<div class=\"blockG\" id=\"rotateG_01\"><\/div>\n\t\t\t\t<div class=\"blockG\" id=\"rotateG_02\"><\/div>\n\t\t\t\t<div class=\"blockG\" id=\"rotateG_03\"><\/div>\n\t\t\t\t<div class=\"blockG\" id=\"rotateG_04\"><\/div>\n\t\t\t\t<div class=\"blockG\" id=\"rotateG_05\"><\/div>\n\t\t\t\t<div class=\"blockG\" id=\"rotateG_06\"><\/div>\n\t\t\t\t<div class=\"blockG\" id=\"rotateG_07\"><\/div>\n\t\t\t\t<div class=\"blockG\" id=\"rotateG_08\"><\/div>\n\t\t\t<\/div>\n\t\t\t<div class=\"WooZone-cross-sell-loader-text\"><\/div>\n\t\t<\/div>\n\t<\/div>\n\n\t\t\n<\/div>\n<div style=\"clear:both;\"><\/div>\n","protected":false},"excerpt":{"rendered":"<p>Universal Allzweck Transporttasche 347 x 81cm 5mm gepolstert mit Reissverschluss<br \/>\nUniversal alllzweck Transport Tasche f\u00fcr Ihre wertvollen Gegenst\u00e4nde.<br \/>\nInnenabmessung der Tasche: 347 x 81 cm, flach &#8211; Farbe: Schwarz\/Grau &#8211; Gewicht: ca 3,8 kg<\/p>\n","protected":false},"featured_media":16135,"comment_status":"open","ping_status":"closed","template":"","meta":[],"product_cat":[52],"product_tag":[],"_links":{"self":[{"href":"https:\/\/wellenreiten-surfen.de\/index.php?rest_route=\/wp\/v2\/product\/16134"}],"collection":[{"href":"https:\/\/wellenreiten-surfen.de\/index.php?rest_route=\/wp\/v2\/product"}],"about":[{"href":"https:\/\/wellenreiten-surfen.de\/index.php?rest_route=\/wp\/v2\/types\/product"}],"replies":[{"embeddable":true,"href":"https:\/\/wellenreiten-surfen.de\/index.php?rest_route=%2Fwp%2Fv2%2Fcomments&post=16134"}],"wp:featuredmedia":[{"embeddable":true,"href":"https:\/\/wellenreiten-surfen.de\/index.php?rest_route=\/wp\/v2\/media\/16135"}],"wp:attachment":[{"href":"https:\/\/wellenreiten-surfen.de\/index.php?rest_route=%2Fwp%2Fv2%2Fmedia&parent=16134"}],"wp:term":[{"taxonomy":"product_cat","embeddable":true,"href":"https:\/\/wellenreiten-surfen.de\/index.php?rest_route=%2Fwp%2Fv2%2Fproduct_cat&post=16134"},{"taxonomy":"product_tag","embeddable":true,"href":"https:\/\/wellenreiten-surfen.de\/index.php?rest_route=%2Fwp%2Fv2%2Fproduct_tag&post=16134"}],"curies":[{"name":"wp","href":"https:\/\/api.w.org\/{rel}","templated":true}]}}