{"id":16158,"date":"2021-04-30T04:33:09","date_gmt":"2021-04-30T04:33:09","guid":{"rendered":"https:\/\/wellenreiten-surfen.de\/?product=roam-daylight-hybrid-fish-boardbag"},"modified":"2023-04-06T23:11:39","modified_gmt":"2023-04-06T23:11:39","slug":"roam-daylight-hybrid-fish-boardbag","status":"publish","type":"product","link":"https:\/\/wellenreiten-surfen.de\/?product=roam-daylight-hybrid-fish-boardbag","title":{"rendered":"Roam Daylight Hybrid Fish Boardbag"},"content":{"rendered":"<div id='gallery-1' class='gallery galleryid-16158 gallery-columns-3 gallery-size-thumbnail'><figure class='gallery-item'>\n\t\t\t<div class='gallery-icon landscape'>\n\t\t\t\t<a href='https:\/\/wellenreiten-surfen.de\/?attachment_id=16159'><img width=\"150\" height=\"150\" src=\"https:\/\/images-na.ssl-images-amazon.com\/images\/I\/41mUsOr1PFL._SS150_.jpg\" class=\"attachment-thumbnail size-thumbnail\" alt=\"\" decoding=\"async\" loading=\"lazy\" srcset=\"https:\/\/images-na.ssl-images-amazon.com\/images\/I\/41mUsOr1PFL._SS150_.jpg 150w, https:\/\/images-na.ssl-images-amazon.com\/images\/I\/41mUsOr1PFL._SS300_.jpg 300w, https:\/\/images-na.ssl-images-amazon.com\/images\/I\/41mUsOr1PFL._SS768_.jpg 768w, https:\/\/images-na.ssl-images-amazon.com\/images\/I\/41mUsOr1PFL._SS1024_.jpg 1024w, https:\/\/images-na.ssl-images-amazon.com\/images\/I\/41mUsOr1PFL._SS1536_.jpg 1536w, https:\/\/images-na.ssl-images-amazon.com\/images\/I\/41mUsOr1PFL._SS2048_.jpg 2048w, https:\/\/images-na.ssl-images-amazon.com\/images\/I\/41mUsOr1PFL._SS80_.jpg 80w, https:\/\/images-na.ssl-images-amazon.com\/images\/I\/41mUsOr1PFL._SS200_.jpg 200w, https:\/\/images-na.ssl-images-amazon.com\/images\/I\/41mUsOr1PFL.jpg 500w, https:\/\/images-na.ssl-images-amazon.com\/images\/I\/41mUsOr1PFL._SS450_.jpg 450w, https:\/\/images-na.ssl-images-amazon.com\/images\/I\/41mUsOr1PFL._SS1400_.jpg 1400w, https:\/\/images-na.ssl-images-amazon.com\/images\/I\/41mUsOr1PFL._SS180_.jpg 180w, https:\/\/images-na.ssl-images-amazon.com\/images\/I\/41mUsOr1PFL._SS600_.jpg 600w, https:\/\/images-na.ssl-images-amazon.com\/images\/I\/41mUsOr1PFL._SS100_.jpg 100w\" sizes=\"(max-width: 150px) 100vw, 150px\" \/><\/a>\n\t\t\t<\/div><\/figure><figure class='gallery-item'>\n\t\t\t<div class='gallery-icon landscape'>\n\t\t\t\t<a href='https:\/\/wellenreiten-surfen.de\/?attachment_id=16160'><img width=\"150\" height=\"150\" src=\"https:\/\/images-na.ssl-images-amazon.com\/images\/I\/41A45wuXS8L._SS150_.jpg\" class=\"attachment-thumbnail size-thumbnail\" alt=\"\" decoding=\"async\" loading=\"lazy\" srcset=\"https:\/\/images-na.ssl-images-amazon.com\/images\/I\/41A45wuXS8L._SS150_.jpg 150w, https:\/\/images-na.ssl-images-amazon.com\/images\/I\/41A45wuXS8L._SS300_.jpg 300w, https:\/\/images-na.ssl-images-amazon.com\/images\/I\/41A45wuXS8L._SS768_.jpg 768w, https:\/\/images-na.ssl-images-amazon.com\/images\/I\/41A45wuXS8L._SS1024_.jpg 1024w, https:\/\/images-na.ssl-images-amazon.com\/images\/I\/41A45wuXS8L._SS1536_.jpg 1536w, https:\/\/images-na.ssl-images-amazon.com\/images\/I\/41A45wuXS8L._SS2048_.jpg 2048w, https:\/\/images-na.ssl-images-amazon.com\/images\/I\/41A45wuXS8L._SS80_.jpg 80w, https:\/\/images-na.ssl-images-amazon.com\/images\/I\/41A45wuXS8L._SS200_.jpg 200w, https:\/\/images-na.ssl-images-amazon.com\/images\/I\/41A45wuXS8L.jpg 500w, https:\/\/images-na.ssl-images-amazon.com\/images\/I\/41A45wuXS8L._SS450_.jpg 450w, https:\/\/images-na.ssl-images-amazon.com\/images\/I\/41A45wuXS8L._SS1400_.jpg 1400w, https:\/\/images-na.ssl-images-amazon.com\/images\/I\/41A45wuXS8L._SS180_.jpg 180w, https:\/\/images-na.ssl-images-amazon.com\/images\/I\/41A45wuXS8L._SS600_.jpg 600w, https:\/\/images-na.ssl-images-amazon.com\/images\/I\/41A45wuXS8L._SS100_.jpg 100w\" sizes=\"(max-width: 150px) 100vw, 150px\" \/><\/a>\n\t\t\t<\/div><\/figure><figure class='gallery-item'>\n\t\t\t<div class='gallery-icon landscape'>\n\t\t\t\t<a href='https:\/\/wellenreiten-surfen.de\/?attachment_id=16161'><img width=\"150\" height=\"150\" src=\"https:\/\/images-na.ssl-images-amazon.com\/images\/I\/41p2cDmUEJL._SS150_.jpg\" class=\"attachment-thumbnail size-thumbnail\" alt=\"\" decoding=\"async\" loading=\"lazy\" srcset=\"https:\/\/images-na.ssl-images-amazon.com\/images\/I\/41p2cDmUEJL._SS150_.jpg 150w, https:\/\/images-na.ssl-images-amazon.com\/images\/I\/41p2cDmUEJL._SS300_.jpg 300w, https:\/\/images-na.ssl-images-amazon.com\/images\/I\/41p2cDmUEJL._SS768_.jpg 768w, https:\/\/images-na.ssl-images-amazon.com\/images\/I\/41p2cDmUEJL._SS1024_.jpg 1024w, https:\/\/images-na.ssl-images-amazon.com\/images\/I\/41p2cDmUEJL._SS1536_.jpg 1536w, https:\/\/images-na.ssl-images-amazon.com\/images\/I\/41p2cDmUEJL._SS2048_.jpg 2048w, https:\/\/images-na.ssl-images-amazon.com\/images\/I\/41p2cDmUEJL._SS80_.jpg 80w, https:\/\/images-na.ssl-images-amazon.com\/images\/I\/41p2cDmUEJL._SS200_.jpg 200w, https:\/\/images-na.ssl-images-amazon.com\/images\/I\/41p2cDmUEJL.jpg 500w, https:\/\/images-na.ssl-images-amazon.com\/images\/I\/41p2cDmUEJL._SS450_.jpg 450w, https:\/\/images-na.ssl-images-amazon.com\/images\/I\/41p2cDmUEJL._SS1400_.jpg 1400w, https:\/\/images-na.ssl-images-amazon.com\/images\/I\/41p2cDmUEJL._SS180_.jpg 180w, https:\/\/images-na.ssl-images-amazon.com\/images\/I\/41p2cDmUEJL._SS600_.jpg 600w, https:\/\/images-na.ssl-images-amazon.com\/images\/I\/41p2cDmUEJL._SS100_.jpg 100w\" sizes=\"(max-width: 150px) 100vw, 150px\" \/><\/a>\n\t\t\t<\/div><\/figure>\n\t\t<\/div>\n<br \/>\n<!-- show up to 2 reviews by default --> <\/p>\n<p>Das Daylight Hybrid Fish Boardbag von Roam ist in f\u00fcnf Gr\u00f6\u00dfen f\u00fcr alle Fish-Shapes erh\u00e4ltlich. Das praktische Daybag ist ultra leicht und mit seiner Polsterung von 5 mm ideal f\u00fcr den t\u00e4glichen Gebrauch. Das Bag ist an Bug und Heck verst\u00e4rkt. So ist das Board vor Kratzern und Dellen gesch\u00fctzt und das Auto bleibt sauber. Zusatzlich verhindert ein reflektierendes Polytarp-Shell unvorhergesehen Sch\u00e4den durch Hitze und Sonne. 5mm Polsterung Reflektierendes Polytarp Shell Wasser und Wachsbest\u00e4ndiges Polytarp innen Doppelt gen\u00e4hte N\u00e4hte <\/p>\n<p>Day Light Boardbag f\u00fcr ein Surfboard 5mm gepolstert mit silbernem Reflective Shield Polytarp Shell<br \/>\nPassend f\u00fcr Boards im Hybrid oder Fish Shape<br \/>\nDieses Daybag sch\u00fctzt Eure Bretter beim allt\u00e4glichen hantieren vor \u00e4rgerlichen kleinen Dellen und Kratzern<br \/>\nLieferumfang: Eine Bag mit Schultertragegurt<br \/>\nInnenabmessungen: 185cm x 62cm x 0cm<br \/>\n<div class=\"main-cross-sell\" data-asin=\"B07L9XTLN7\">\n\n\t<div class=\"WooZone-cross-sell-loader\">\n\t\t<div>\n\t\t\t<div id=\"floatingBarsG\">\n\t\t\t\t<div class=\"blockG\" id=\"rotateG_01\"><\/div>\n\t\t\t\t<div class=\"blockG\" id=\"rotateG_02\"><\/div>\n\t\t\t\t<div class=\"blockG\" id=\"rotateG_03\"><\/div>\n\t\t\t\t<div class=\"blockG\" id=\"rotateG_04\"><\/div>\n\t\t\t\t<div class=\"blockG\" id=\"rotateG_05\"><\/div>\n\t\t\t\t<div class=\"blockG\" id=\"rotateG_06\"><\/div>\n\t\t\t\t<div class=\"blockG\" id=\"rotateG_07\"><\/div>\n\t\t\t\t<div class=\"blockG\" id=\"rotateG_08\"><\/div>\n\t\t\t<\/div>\n\t\t\t<div class=\"WooZone-cross-sell-loader-text\"><\/div>\n\t\t<\/div>\n\t<\/div>\n\n\t\t\n<\/div>\n<div style=\"clear:both;\"><\/div>\n","protected":false},"excerpt":{"rendered":"<p>Day Light Boardbag f\u00fcr ein Surfboard 5mm gepolstert mit silbernem Reflective Shield Polytarp Shell<br \/>\nPassend f\u00fcr Boards im Hybrid oder Fish Shape<br \/>\nDieses Daybag sch\u00fctzt Eure Bretter beim allt\u00e4glichen hantieren vor \u00e4rgerlichen kleinen Dellen und Kratzern<\/p>\n","protected":false},"featured_media":16159,"comment_status":"open","ping_status":"closed","template":"","meta":[],"product_cat":[52],"product_tag":[],"_links":{"self":[{"href":"https:\/\/wellenreiten-surfen.de\/index.php?rest_route=\/wp\/v2\/product\/16158"}],"collection":[{"href":"https:\/\/wellenreiten-surfen.de\/index.php?rest_route=\/wp\/v2\/product"}],"about":[{"href":"https:\/\/wellenreiten-surfen.de\/index.php?rest_route=\/wp\/v2\/types\/product"}],"replies":[{"embeddable":true,"href":"https:\/\/wellenreiten-surfen.de\/index.php?rest_route=%2Fwp%2Fv2%2Fcomments&post=16158"}],"wp:featuredmedia":[{"embeddable":true,"href":"https:\/\/wellenreiten-surfen.de\/index.php?rest_route=\/wp\/v2\/media\/16159"}],"wp:attachment":[{"href":"https:\/\/wellenreiten-surfen.de\/index.php?rest_route=%2Fwp%2Fv2%2Fmedia&parent=16158"}],"wp:term":[{"taxonomy":"product_cat","embeddable":true,"href":"https:\/\/wellenreiten-surfen.de\/index.php?rest_route=%2Fwp%2Fv2%2Fproduct_cat&post=16158"},{"taxonomy":"product_tag","embeddable":true,"href":"https:\/\/wellenreiten-surfen.de\/index.php?rest_route=%2Fwp%2Fv2%2Fproduct_tag&post=16158"}],"curies":[{"name":"wp","href":"https:\/\/api.w.org\/{rel}","templated":true}]}}