{"id":16190,"date":"2021-04-30T04:33:34","date_gmt":"2021-04-30T04:33:34","guid":{"rendered":"https:\/\/wellenreiten-surfen.de\/?product=concept-x-kitebag-double-globe-doppelboardbag-fuer-kiteboards"},"modified":"2023-04-06T23:11:39","modified_gmt":"2023-04-06T23:11:39","slug":"concept-x-kitebag-double-globe-doppelboardbag-fuer-kiteboards","status":"publish","type":"product","link":"https:\/\/wellenreiten-surfen.de\/?product=concept-x-kitebag-double-globe-doppelboardbag-fuer-kiteboards","title":{"rendered":"Concept X &#8211; Kitebag Double Globe &#8211; Doppelboardbag f\u00fcr Kiteboards"},"content":{"rendered":"<p><!-- show up to 2 reviews by default --> <\/p>\n<p>Das Concept X Double Boardbag ist der ideale Flugbegleiter f\u00fcr zwei Boards und Equipment ( z.B. Kites, Neos etc.). Die Boards sind durch eine Zwischenlage gesch\u00fctzt. Das Boardbag zeichnet sich durch robuste Verarbeitung und extra Verst\u00e4rkungen aus. Stabile Tragegriffe vorn und hinten mit zwei Offroad Wheels f\u00fcr den einfachen Transport. Umlaufender Rei\u00dfverschluss. So kann man bequem das Board von hinten auch vom Autodach nehmen. Abnehmbarer Schultergurt. Polsterung 12mm .<br \/>Dimensionen<br \/>L\u00e4nge 6,0 (182 cm) \/ H\u00f6he 22 cm \/ Breite 56 cm<br \/>L\u00e4nge 6,6 (200 cm ) \/ H\u00f6he 22 cm \/ Breite 56 cm<br \/>L\u00e4nge 7,3 (220 cm)\/ H\u00f6he 23 cm \/ Breite 60 cm<br \/>L\u00e4nge 8,0 ca. 244cm \/ H\u00f6he 23 \/ Breite 63cm <\/p>\n<p>Dimensionen<br \/>\nL\u00e4nge 6,0 (182 cm) \/ H\u00f6he 22 cm \/ Breite 56 cm<br \/>\nL\u00e4nge 6,6 (200 cm ) \/ H\u00f6he 22 cm \/ Breite 56 cm<br \/>\nL\u00e4nge 7,3 (220 cm)\/ H\u00f6he 23 cm \/ Breite 60 cm<br \/>\nL\u00e4nge 8,0 ca. 244cm \/ H\u00f6he 23 \/ Breite 63cm<br \/>\n<div class=\"main-cross-sell\" data-asin=\"B00DN8MG4O\">\n\n\t<div class=\"WooZone-cross-sell-loader\">\n\t\t<div>\n\t\t\t<div id=\"floatingBarsG\">\n\t\t\t\t<div class=\"blockG\" id=\"rotateG_01\"><\/div>\n\t\t\t\t<div class=\"blockG\" id=\"rotateG_02\"><\/div>\n\t\t\t\t<div class=\"blockG\" id=\"rotateG_03\"><\/div>\n\t\t\t\t<div class=\"blockG\" id=\"rotateG_04\"><\/div>\n\t\t\t\t<div class=\"blockG\" id=\"rotateG_05\"><\/div>\n\t\t\t\t<div class=\"blockG\" id=\"rotateG_06\"><\/div>\n\t\t\t\t<div class=\"blockG\" id=\"rotateG_07\"><\/div>\n\t\t\t\t<div class=\"blockG\" id=\"rotateG_08\"><\/div>\n\t\t\t<\/div>\n\t\t\t<div class=\"WooZone-cross-sell-loader-text\"><\/div>\n\t\t<\/div>\n\t<\/div>\n\n\t\t\n<\/div>\n<div style=\"clear:both;\"><\/div>\n","protected":false},"excerpt":{"rendered":"<p>Dimensionen<br \/>\nL\u00e4nge 6,0 (182 cm) \/ H\u00f6he 22 cm \/ Breite 56 cm<br \/>\nL\u00e4nge 6,6 (200 cm ) \/ H\u00f6he 22 cm \/ Breite 56 cm<\/p>\n","protected":false},"featured_media":16191,"comment_status":"open","ping_status":"closed","template":"","meta":[],"product_cat":[52],"product_tag":[],"_links":{"self":[{"href":"https:\/\/wellenreiten-surfen.de\/index.php?rest_route=\/wp\/v2\/product\/16190"}],"collection":[{"href":"https:\/\/wellenreiten-surfen.de\/index.php?rest_route=\/wp\/v2\/product"}],"about":[{"href":"https:\/\/wellenreiten-surfen.de\/index.php?rest_route=\/wp\/v2\/types\/product"}],"replies":[{"embeddable":true,"href":"https:\/\/wellenreiten-surfen.de\/index.php?rest_route=%2Fwp%2Fv2%2Fcomments&post=16190"}],"wp:featuredmedia":[{"embeddable":true,"href":"https:\/\/wellenreiten-surfen.de\/index.php?rest_route=\/wp\/v2\/media\/16191"}],"wp:attachment":[{"href":"https:\/\/wellenreiten-surfen.de\/index.php?rest_route=%2Fwp%2Fv2%2Fmedia&parent=16190"}],"wp:term":[{"taxonomy":"product_cat","embeddable":true,"href":"https:\/\/wellenreiten-surfen.de\/index.php?rest_route=%2Fwp%2Fv2%2Fproduct_cat&post=16190"},{"taxonomy":"product_tag","embeddable":true,"href":"https:\/\/wellenreiten-surfen.de\/index.php?rest_route=%2Fwp%2Fv2%2Fproduct_tag&post=16190"}],"curies":[{"name":"wp","href":"https:\/\/api.w.org\/{rel}","templated":true}]}}