{"id":16220,"date":"2021-04-30T04:37:27","date_gmt":"2021-04-30T04:37:27","guid":{"rendered":"https:\/\/wellenreiten-surfen.de\/?product=concept-x-boardbag-rocket-twinser"},"modified":"2023-04-06T23:11:39","modified_gmt":"2023-04-06T23:11:39","slug":"concept-x-boardbag-rocket-twinser","status":"publish","type":"product","link":"https:\/\/wellenreiten-surfen.de\/?product=concept-x-boardbag-rocket-twinser","title":{"rendered":"Concept X Boardbag Rocket Twinser"},"content":{"rendered":"<p><!-- show up to 2 reviews by default --> <\/p>\n<p>Das optimale Boardbag f\u00fcr Twinser oder Waveboards mit einer Finne. Dicke 6-12mm Polsterung, Unterseite aus robustem UV-best\u00e4ndigem Silbergewebe, Oberseite aus rei\u00dffestem Nylon-Gewebe, geeignet f\u00fcr den Autotransport. F\u00fcr Boardbreite bis 55 cm <\/p>\n<p>Die Unterseite besteht aus robustem und UV-best\u00e4ndigem Silbergewebe, die R\u00fcckseite aus robustem Nylon<br \/>\nExtra dicke 12-mm-Verst\u00e4rkung vorne und hinten.<br \/>\nSpezieller und optimaler Schnitt f\u00fcr jedes Brett.<br \/>\nDie Schutzh\u00fcllen der Serie Rocket bieten eine 6-mm-F\u00fcllung, ideal f\u00fcr den Transport im Auto<br \/>\nF\u00fcr maximale Gr\u00f6\u00dfe von 258 x 76 cm.<br \/>\n<div class=\"main-cross-sell\" data-asin=\"B00DO6FIFE\">\n\n\t<div class=\"WooZone-cross-sell-loader\">\n\t\t<div>\n\t\t\t<div id=\"floatingBarsG\">\n\t\t\t\t<div class=\"blockG\" id=\"rotateG_01\"><\/div>\n\t\t\t\t<div class=\"blockG\" id=\"rotateG_02\"><\/div>\n\t\t\t\t<div class=\"blockG\" id=\"rotateG_03\"><\/div>\n\t\t\t\t<div class=\"blockG\" id=\"rotateG_04\"><\/div>\n\t\t\t\t<div class=\"blockG\" id=\"rotateG_05\"><\/div>\n\t\t\t\t<div class=\"blockG\" id=\"rotateG_06\"><\/div>\n\t\t\t\t<div class=\"blockG\" id=\"rotateG_07\"><\/div>\n\t\t\t\t<div class=\"blockG\" id=\"rotateG_08\"><\/div>\n\t\t\t<\/div>\n\t\t\t<div class=\"WooZone-cross-sell-loader-text\"><\/div>\n\t\t<\/div>\n\t<\/div>\n\n\t\t\n<\/div>\n<div style=\"clear:both;\"><\/div>\n","protected":false},"excerpt":{"rendered":"<p>Die Unterseite besteht aus robustem und UV-best\u00e4ndigem Silbergewebe, die R\u00fcckseite aus robustem Nylon<br \/>\nExtra dicke 12-mm-Verst\u00e4rkung vorne und hinten.<br \/>\nSpezieller und optimaler Schnitt f\u00fcr jedes Brett.<\/p>\n","protected":false},"featured_media":16221,"comment_status":"open","ping_status":"closed","template":"","meta":[],"product_cat":[52],"product_tag":[],"_links":{"self":[{"href":"https:\/\/wellenreiten-surfen.de\/index.php?rest_route=\/wp\/v2\/product\/16220"}],"collection":[{"href":"https:\/\/wellenreiten-surfen.de\/index.php?rest_route=\/wp\/v2\/product"}],"about":[{"href":"https:\/\/wellenreiten-surfen.de\/index.php?rest_route=\/wp\/v2\/types\/product"}],"replies":[{"embeddable":true,"href":"https:\/\/wellenreiten-surfen.de\/index.php?rest_route=%2Fwp%2Fv2%2Fcomments&post=16220"}],"wp:featuredmedia":[{"embeddable":true,"href":"https:\/\/wellenreiten-surfen.de\/index.php?rest_route=\/wp\/v2\/media\/16221"}],"wp:attachment":[{"href":"https:\/\/wellenreiten-surfen.de\/index.php?rest_route=%2Fwp%2Fv2%2Fmedia&parent=16220"}],"wp:term":[{"taxonomy":"product_cat","embeddable":true,"href":"https:\/\/wellenreiten-surfen.de\/index.php?rest_route=%2Fwp%2Fv2%2Fproduct_cat&post=16220"},{"taxonomy":"product_tag","embeddable":true,"href":"https:\/\/wellenreiten-surfen.de\/index.php?rest_route=%2Fwp%2Fv2%2Fproduct_tag&post=16220"}],"curies":[{"name":"wp","href":"https:\/\/api.w.org\/{rel}","templated":true}]}}