{"id":16246,"date":"2021-04-30T04:37:36","date_gmt":"2021-04-30T04:37:36","guid":{"rendered":"https:\/\/wellenreiten-surfen.de\/?product=ocean-earth-double-coffin-shortboard-cover-boardbag"},"modified":"2023-04-06T23:11:39","modified_gmt":"2023-04-06T23:11:39","slug":"ocean-earth-double-coffin-shortboard-cover-boardbag","status":"publish","type":"product","link":"https:\/\/wellenreiten-surfen.de\/?product=ocean-earth-double-coffin-shortboard-cover-boardbag","title":{"rendered":"Ocean &amp; Earth Double Coffin Shortboard Cover\/Boardbag"},"content":{"rendered":"<div id='gallery-1' class='gallery galleryid-16246 gallery-columns-3 gallery-size-thumbnail'><figure class='gallery-item'>\n\t\t\t<div class='gallery-icon landscape'>\n\t\t\t\t<a href='https:\/\/wellenreiten-surfen.de\/?attachment_id=16247'><img width=\"150\" height=\"150\" src=\"https:\/\/images-na.ssl-images-amazon.com\/images\/I\/411TJqloUQL._SS150_.jpg\" class=\"attachment-thumbnail size-thumbnail\" alt=\"\" decoding=\"async\" loading=\"lazy\" srcset=\"https:\/\/images-na.ssl-images-amazon.com\/images\/I\/411TJqloUQL._SS150_.jpg 150w, https:\/\/images-na.ssl-images-amazon.com\/images\/I\/411TJqloUQL._SS300_.jpg 300w, https:\/\/images-na.ssl-images-amazon.com\/images\/I\/411TJqloUQL._SS768_.jpg 768w, https:\/\/images-na.ssl-images-amazon.com\/images\/I\/411TJqloUQL._SS1024_.jpg 1024w, https:\/\/images-na.ssl-images-amazon.com\/images\/I\/411TJqloUQL._SS1536_.jpg 1536w, https:\/\/images-na.ssl-images-amazon.com\/images\/I\/411TJqloUQL._SS2048_.jpg 2048w, https:\/\/images-na.ssl-images-amazon.com\/images\/I\/411TJqloUQL._SS80_.jpg 80w, https:\/\/images-na.ssl-images-amazon.com\/images\/I\/411TJqloUQL._SS200_.jpg 200w, https:\/\/images-na.ssl-images-amazon.com\/images\/I\/411TJqloUQL.jpg 500w, https:\/\/images-na.ssl-images-amazon.com\/images\/I\/411TJqloUQL._SS450_.jpg 450w, https:\/\/images-na.ssl-images-amazon.com\/images\/I\/411TJqloUQL._SS1400_.jpg 1400w, https:\/\/images-na.ssl-images-amazon.com\/images\/I\/411TJqloUQL._SS180_.jpg 180w, https:\/\/images-na.ssl-images-amazon.com\/images\/I\/411TJqloUQL._SS600_.jpg 600w, https:\/\/images-na.ssl-images-amazon.com\/images\/I\/411TJqloUQL._SS100_.jpg 100w\" sizes=\"(max-width: 150px) 100vw, 150px\" \/><\/a>\n\t\t\t<\/div><\/figure><figure class='gallery-item'>\n\t\t\t<div class='gallery-icon landscape'>\n\t\t\t\t<a href='https:\/\/wellenreiten-surfen.de\/?attachment_id=16248'><img width=\"150\" height=\"150\" src=\"https:\/\/images-na.ssl-images-amazon.com\/images\/I\/419WOHO2mhL._SS150_.jpg\" class=\"attachment-thumbnail size-thumbnail\" alt=\"\" decoding=\"async\" loading=\"lazy\" srcset=\"https:\/\/images-na.ssl-images-amazon.com\/images\/I\/419WOHO2mhL._SS150_.jpg 150w, https:\/\/images-na.ssl-images-amazon.com\/images\/I\/419WOHO2mhL._SS300_.jpg 300w, https:\/\/images-na.ssl-images-amazon.com\/images\/I\/419WOHO2mhL._SS768_.jpg 768w, https:\/\/images-na.ssl-images-amazon.com\/images\/I\/419WOHO2mhL._SS1024_.jpg 1024w, https:\/\/images-na.ssl-images-amazon.com\/images\/I\/419WOHO2mhL._SS1536_.jpg 1536w, https:\/\/images-na.ssl-images-amazon.com\/images\/I\/419WOHO2mhL._SS2048_.jpg 2048w, https:\/\/images-na.ssl-images-amazon.com\/images\/I\/419WOHO2mhL._SS80_.jpg 80w, https:\/\/images-na.ssl-images-amazon.com\/images\/I\/419WOHO2mhL._SS200_.jpg 200w, https:\/\/images-na.ssl-images-amazon.com\/images\/I\/419WOHO2mhL.jpg 500w, https:\/\/images-na.ssl-images-amazon.com\/images\/I\/419WOHO2mhL._SS450_.jpg 450w, https:\/\/images-na.ssl-images-amazon.com\/images\/I\/419WOHO2mhL._SS1400_.jpg 1400w, https:\/\/images-na.ssl-images-amazon.com\/images\/I\/419WOHO2mhL._SS180_.jpg 180w, https:\/\/images-na.ssl-images-amazon.com\/images\/I\/419WOHO2mhL._SS600_.jpg 600w, https:\/\/images-na.ssl-images-amazon.com\/images\/I\/419WOHO2mhL._SS100_.jpg 100w\" sizes=\"(max-width: 150px) 100vw, 150px\" \/><\/a>\n\t\t\t<\/div><\/figure><figure class='gallery-item'>\n\t\t\t<div class='gallery-icon landscape'>\n\t\t\t\t<a href='https:\/\/wellenreiten-surfen.de\/?attachment_id=16249'><img width=\"150\" height=\"150\" src=\"https:\/\/images-na.ssl-images-amazon.com\/images\/I\/41FXwCUtEKL._SS150_.jpg\" class=\"attachment-thumbnail size-thumbnail\" alt=\"\" decoding=\"async\" loading=\"lazy\" srcset=\"https:\/\/images-na.ssl-images-amazon.com\/images\/I\/41FXwCUtEKL._SS150_.jpg 150w, https:\/\/images-na.ssl-images-amazon.com\/images\/I\/41FXwCUtEKL._SS300_.jpg 300w, https:\/\/images-na.ssl-images-amazon.com\/images\/I\/41FXwCUtEKL._SS768_.jpg 768w, https:\/\/images-na.ssl-images-amazon.com\/images\/I\/41FXwCUtEKL._SS1024_.jpg 1024w, https:\/\/images-na.ssl-images-amazon.com\/images\/I\/41FXwCUtEKL._SS1536_.jpg 1536w, https:\/\/images-na.ssl-images-amazon.com\/images\/I\/41FXwCUtEKL._SS2048_.jpg 2048w, https:\/\/images-na.ssl-images-amazon.com\/images\/I\/41FXwCUtEKL._SS80_.jpg 80w, https:\/\/images-na.ssl-images-amazon.com\/images\/I\/41FXwCUtEKL._SS200_.jpg 200w, https:\/\/images-na.ssl-images-amazon.com\/images\/I\/41FXwCUtEKL.jpg 500w, https:\/\/images-na.ssl-images-amazon.com\/images\/I\/41FXwCUtEKL._SS450_.jpg 450w, https:\/\/images-na.ssl-images-amazon.com\/images\/I\/41FXwCUtEKL._SS1400_.jpg 1400w, https:\/\/images-na.ssl-images-amazon.com\/images\/I\/41FXwCUtEKL._SS180_.jpg 180w, https:\/\/images-na.ssl-images-amazon.com\/images\/I\/41FXwCUtEKL._SS600_.jpg 600w, https:\/\/images-na.ssl-images-amazon.com\/images\/I\/41FXwCUtEKL._SS100_.jpg 100w\" sizes=\"(max-width: 150px) 100vw, 150px\" \/><\/a>\n\t\t\t<\/div><\/figure>\n\t\t<\/div>\n<br \/>\n<!-- show up to 2 reviews by default --> <\/p>\n<p>Die Double Coffin Shortboard Cover \/ Boardbag von Ocean &amp; Earth ist besonders robust, leicht und wasserabweisend. Sie kommt mit einer 10mm Schaumpolsterung und eignet sich f\u00fcr den Transport von bis zu drei Short- oder Fishboards. Die Boardbag hat eine zus\u00e4tzliche Polsterung in den kritischen Zonen und eine verst\u00e4rkte Gewebe-Gleitplatte, die die Kanten und die Tails der Boards extra sch\u00fctzen. Dank des bequemen, abnehmbaren Schultergurts lassen sich deine Boards super einfach transportieren. Die integrierten Kompressionsgurte erlauben es dir, deine Ladung auf ein bequemes Packma\u00df zu reduzieren. Sch\u00fctzt bis zu drei Short-\/Fishboards mit dem st\u00e4rksten Kantenschutz auf dem Markt Besonders robustes, wasserabweisendes Gewebe Abnehmbarer 20mm dicker Schultergurt Patentierter, abnehmbarer Aufh\u00e4ngehaken Rei\u00dfverschl\u00fcsse f\u00fcr hohe Beanspruchungen Verst\u00e4rkte Gewebe-Gleitplatte Kompressionsgurte innen und au\u00dfen <\/p>\n<p>Bag Carry Size: Double Board Bags<br \/>\nBoard Bag Capacity (p Sd): Double<br \/>\nBoard Bags: Shortboard Bags<br \/>\nColour: Black<br \/>\nP Sd: Product Type: Board Bag<br \/>\n<div class=\"main-cross-sell\" data-asin=\"B07KKP1DVF\">\n\n\t<div class=\"WooZone-cross-sell-loader\">\n\t\t<div>\n\t\t\t<div id=\"floatingBarsG\">\n\t\t\t\t<div class=\"blockG\" id=\"rotateG_01\"><\/div>\n\t\t\t\t<div class=\"blockG\" id=\"rotateG_02\"><\/div>\n\t\t\t\t<div class=\"blockG\" id=\"rotateG_03\"><\/div>\n\t\t\t\t<div class=\"blockG\" id=\"rotateG_04\"><\/div>\n\t\t\t\t<div class=\"blockG\" id=\"rotateG_05\"><\/div>\n\t\t\t\t<div class=\"blockG\" id=\"rotateG_06\"><\/div>\n\t\t\t\t<div class=\"blockG\" id=\"rotateG_07\"><\/div>\n\t\t\t\t<div class=\"blockG\" id=\"rotateG_08\"><\/div>\n\t\t\t<\/div>\n\t\t\t<div class=\"WooZone-cross-sell-loader-text\"><\/div>\n\t\t<\/div>\n\t<\/div>\n\n\t\t\n<\/div>\n<div style=\"clear:both;\"><\/div>\n","protected":false},"excerpt":{"rendered":"<p>Bag Carry Size: Double Board Bags<br \/>\nBoard Bag Capacity (p Sd): Double<br \/>\nBoard Bags: Shortboard Bags<\/p>\n","protected":false},"featured_media":16247,"comment_status":"open","ping_status":"closed","template":"","meta":[],"product_cat":[52],"product_tag":[],"_links":{"self":[{"href":"https:\/\/wellenreiten-surfen.de\/index.php?rest_route=\/wp\/v2\/product\/16246"}],"collection":[{"href":"https:\/\/wellenreiten-surfen.de\/index.php?rest_route=\/wp\/v2\/product"}],"about":[{"href":"https:\/\/wellenreiten-surfen.de\/index.php?rest_route=\/wp\/v2\/types\/product"}],"replies":[{"embeddable":true,"href":"https:\/\/wellenreiten-surfen.de\/index.php?rest_route=%2Fwp%2Fv2%2Fcomments&post=16246"}],"wp:featuredmedia":[{"embeddable":true,"href":"https:\/\/wellenreiten-surfen.de\/index.php?rest_route=\/wp\/v2\/media\/16247"}],"wp:attachment":[{"href":"https:\/\/wellenreiten-surfen.de\/index.php?rest_route=%2Fwp%2Fv2%2Fmedia&parent=16246"}],"wp:term":[{"taxonomy":"product_cat","embeddable":true,"href":"https:\/\/wellenreiten-surfen.de\/index.php?rest_route=%2Fwp%2Fv2%2Fproduct_cat&post=16246"},{"taxonomy":"product_tag","embeddable":true,"href":"https:\/\/wellenreiten-surfen.de\/index.php?rest_route=%2Fwp%2Fv2%2Fproduct_tag&post=16246"}],"curies":[{"name":"wp","href":"https:\/\/api.w.org\/{rel}","templated":true}]}}