{"id":16252,"date":"2021-04-30T04:37:39","date_gmt":"2021-04-30T04:37:39","guid":{"rendered":"https:\/\/wellenreiten-surfen.de\/?product=cheeky-windsurf-boardbag-265-x-80-cm"},"modified":"2023-04-06T23:11:40","modified_gmt":"2023-04-06T23:11:40","slug":"cheeky-windsurf-boardbag-265-x-80-cm","status":"publish","type":"product","link":"https:\/\/wellenreiten-surfen.de\/?product=cheeky-windsurf-boardbag-265-x-80-cm","title":{"rendered":"Cheeky Boardbag f\u00fcr Windsurf Boards &amp; Surfbretter"},"content":{"rendered":"<div id='gallery-1' class='gallery galleryid-16252 gallery-columns-3 gallery-size-thumbnail'><figure class='gallery-item'>\n\t\t\t<div class='gallery-icon landscape'>\n\t\t\t\t<a href='https:\/\/wellenreiten-surfen.de\/?attachment_id=16253'><img width=\"150\" height=\"150\" src=\"https:\/\/images-na.ssl-images-amazon.com\/images\/I\/41lkO2PpjpL._SS150_.jpg\" class=\"attachment-thumbnail size-thumbnail\" alt=\"\" decoding=\"async\" loading=\"lazy\" srcset=\"https:\/\/images-na.ssl-images-amazon.com\/images\/I\/41lkO2PpjpL._SS150_.jpg 150w, https:\/\/images-na.ssl-images-amazon.com\/images\/I\/41lkO2PpjpL._SS300_.jpg 300w, https:\/\/images-na.ssl-images-amazon.com\/images\/I\/41lkO2PpjpL._SS768_.jpg 768w, https:\/\/images-na.ssl-images-amazon.com\/images\/I\/41lkO2PpjpL._SS1024_.jpg 1024w, https:\/\/images-na.ssl-images-amazon.com\/images\/I\/41lkO2PpjpL._SS1536_.jpg 1536w, https:\/\/images-na.ssl-images-amazon.com\/images\/I\/41lkO2PpjpL._SS2048_.jpg 2048w, https:\/\/images-na.ssl-images-amazon.com\/images\/I\/41lkO2PpjpL._SS80_.jpg 80w, https:\/\/images-na.ssl-images-amazon.com\/images\/I\/41lkO2PpjpL._SS200_.jpg 200w, https:\/\/images-na.ssl-images-amazon.com\/images\/I\/41lkO2PpjpL.jpg 500w, https:\/\/images-na.ssl-images-amazon.com\/images\/I\/41lkO2PpjpL._SS450_.jpg 450w, https:\/\/images-na.ssl-images-amazon.com\/images\/I\/41lkO2PpjpL._SS1400_.jpg 1400w, https:\/\/images-na.ssl-images-amazon.com\/images\/I\/41lkO2PpjpL._SS180_.jpg 180w, https:\/\/images-na.ssl-images-amazon.com\/images\/I\/41lkO2PpjpL._SS600_.jpg 600w, https:\/\/images-na.ssl-images-amazon.com\/images\/I\/41lkO2PpjpL._SS100_.jpg 100w\" sizes=\"(max-width: 150px) 100vw, 150px\" \/><\/a>\n\t\t\t<\/div><\/figure><figure class='gallery-item'>\n\t\t\t<div class='gallery-icon landscape'>\n\t\t\t\t<a href='https:\/\/wellenreiten-surfen.de\/?attachment_id=16254'><img width=\"150\" height=\"150\" src=\"https:\/\/images-na.ssl-images-amazon.com\/images\/I\/51bwLHuetML._SS150_.jpg\" class=\"attachment-thumbnail size-thumbnail\" alt=\"\" decoding=\"async\" loading=\"lazy\" srcset=\"https:\/\/images-na.ssl-images-amazon.com\/images\/I\/51bwLHuetML._SS150_.jpg 150w, https:\/\/images-na.ssl-images-amazon.com\/images\/I\/51bwLHuetML._SS300_.jpg 300w, https:\/\/images-na.ssl-images-amazon.com\/images\/I\/51bwLHuetML._SS768_.jpg 768w, https:\/\/images-na.ssl-images-amazon.com\/images\/I\/51bwLHuetML._SS1024_.jpg 1024w, https:\/\/images-na.ssl-images-amazon.com\/images\/I\/51bwLHuetML._SS1536_.jpg 1536w, https:\/\/images-na.ssl-images-amazon.com\/images\/I\/51bwLHuetML._SS2048_.jpg 2048w, https:\/\/images-na.ssl-images-amazon.com\/images\/I\/51bwLHuetML._SS80_.jpg 80w, https:\/\/images-na.ssl-images-amazon.com\/images\/I\/51bwLHuetML._SS200_.jpg 200w, https:\/\/images-na.ssl-images-amazon.com\/images\/I\/51bwLHuetML.jpg 500w, https:\/\/images-na.ssl-images-amazon.com\/images\/I\/51bwLHuetML._SS450_.jpg 450w, https:\/\/images-na.ssl-images-amazon.com\/images\/I\/51bwLHuetML._SS1400_.jpg 1400w, https:\/\/images-na.ssl-images-amazon.com\/images\/I\/51bwLHuetML._SS180_.jpg 180w, https:\/\/images-na.ssl-images-amazon.com\/images\/I\/51bwLHuetML._SS600_.jpg 600w, https:\/\/images-na.ssl-images-amazon.com\/images\/I\/51bwLHuetML._SS100_.jpg 100w\" sizes=\"(max-width: 150px) 100vw, 150px\" \/><\/a>\n\t\t\t<\/div><\/figure><figure class='gallery-item'>\n\t\t\t<div class='gallery-icon landscape'>\n\t\t\t\t<a href='https:\/\/wellenreiten-surfen.de\/?attachment_id=16255'><img width=\"150\" height=\"150\" src=\"https:\/\/images-na.ssl-images-amazon.com\/images\/I\/41jEZpstmoL._SS150_.jpg\" class=\"attachment-thumbnail size-thumbnail\" alt=\"\" decoding=\"async\" loading=\"lazy\" srcset=\"https:\/\/images-na.ssl-images-amazon.com\/images\/I\/41jEZpstmoL._SS150_.jpg 150w, https:\/\/images-na.ssl-images-amazon.com\/images\/I\/41jEZpstmoL._SS300_.jpg 300w, https:\/\/images-na.ssl-images-amazon.com\/images\/I\/41jEZpstmoL._SS768_.jpg 768w, https:\/\/images-na.ssl-images-amazon.com\/images\/I\/41jEZpstmoL._SS1024_.jpg 1024w, https:\/\/images-na.ssl-images-amazon.com\/images\/I\/41jEZpstmoL._SS1536_.jpg 1536w, https:\/\/images-na.ssl-images-amazon.com\/images\/I\/41jEZpstmoL._SS2048_.jpg 2048w, https:\/\/images-na.ssl-images-amazon.com\/images\/I\/41jEZpstmoL._SS80_.jpg 80w, https:\/\/images-na.ssl-images-amazon.com\/images\/I\/41jEZpstmoL._SS200_.jpg 200w, https:\/\/images-na.ssl-images-amazon.com\/images\/I\/41jEZpstmoL.jpg 500w, https:\/\/images-na.ssl-images-amazon.com\/images\/I\/41jEZpstmoL._SS450_.jpg 450w, https:\/\/images-na.ssl-images-amazon.com\/images\/I\/41jEZpstmoL._SS1400_.jpg 1400w, https:\/\/images-na.ssl-images-amazon.com\/images\/I\/41jEZpstmoL._SS180_.jpg 180w, https:\/\/images-na.ssl-images-amazon.com\/images\/I\/41jEZpstmoL._SS600_.jpg 600w, https:\/\/images-na.ssl-images-amazon.com\/images\/I\/41jEZpstmoL._SS100_.jpg 100w\" sizes=\"(max-width: 150px) 100vw, 150px\" \/><\/a>\n\t\t\t<\/div><\/figure>\n\t\t<\/div>\n<br \/>\n<!-- show up to 2 reviews by default --> <\/p>\n<p>Funktionale Tasche f\u00fcr den Transport im Auto &#8211; gut gepolstert Mit 7 mm Bodenpolsterung und 14 mm Polsterung in der Seitenwand erreicht der Boardbag \u201eGut in Form E\u201c und sch\u00fctzt das Board vor St\u00f6\u00dfen, Dellen, Kratzern und Schmutz. Zahlreiche Details und Features machen diese Tasche zu mehr als nur einem Beutel. <\/p>\n<p>Boardbag geeignet f\u00fcr Surfboards bis max. 266 x 81 cm<br \/>\n7 mm Polsterung, 14 mm Polsterung an den Seitenw\u00e4nden<br \/>\nAbnehmbarer Schultergurt, Finnenschlitz mit Klett<br \/>\nHochwertiger korrosionsfreier 270\u00b0 Rei\u00dfverschluss<br \/>\n<div class=\"main-cross-sell\" data-asin=\"B01B0LJ7OW\">\n\n\t<div class=\"WooZone-cross-sell-loader\">\n\t\t<div>\n\t\t\t<div id=\"floatingBarsG\">\n\t\t\t\t<div class=\"blockG\" id=\"rotateG_01\"><\/div>\n\t\t\t\t<div class=\"blockG\" id=\"rotateG_02\"><\/div>\n\t\t\t\t<div class=\"blockG\" id=\"rotateG_03\"><\/div>\n\t\t\t\t<div class=\"blockG\" id=\"rotateG_04\"><\/div>\n\t\t\t\t<div class=\"blockG\" id=\"rotateG_05\"><\/div>\n\t\t\t\t<div class=\"blockG\" id=\"rotateG_06\"><\/div>\n\t\t\t\t<div class=\"blockG\" id=\"rotateG_07\"><\/div>\n\t\t\t\t<div class=\"blockG\" id=\"rotateG_08\"><\/div>\n\t\t\t<\/div>\n\t\t\t<div class=\"WooZone-cross-sell-loader-text\"><\/div>\n\t\t<\/div>\n\t<\/div>\n\n\t\t\n<\/div>\n<div style=\"clear:both;\"><\/div>\n","protected":false},"excerpt":{"rendered":"<p>Boardbag geeignet f\u00fcr Surfboards bis max. 266 x 81 cm<br \/>\n7 mm Polsterung, 14 mm Polsterung an den Seitenw\u00e4nden<br \/>\nAbnehmbarer Schultergurt, Finnenschlitz mit Klett<\/p>\n","protected":false},"featured_media":16253,"comment_status":"open","ping_status":"closed","template":"","meta":[],"product_cat":[52],"product_tag":[],"_links":{"self":[{"href":"https:\/\/wellenreiten-surfen.de\/index.php?rest_route=\/wp\/v2\/product\/16252"}],"collection":[{"href":"https:\/\/wellenreiten-surfen.de\/index.php?rest_route=\/wp\/v2\/product"}],"about":[{"href":"https:\/\/wellenreiten-surfen.de\/index.php?rest_route=\/wp\/v2\/types\/product"}],"replies":[{"embeddable":true,"href":"https:\/\/wellenreiten-surfen.de\/index.php?rest_route=%2Fwp%2Fv2%2Fcomments&post=16252"}],"wp:featuredmedia":[{"embeddable":true,"href":"https:\/\/wellenreiten-surfen.de\/index.php?rest_route=\/wp\/v2\/media\/16253"}],"wp:attachment":[{"href":"https:\/\/wellenreiten-surfen.de\/index.php?rest_route=%2Fwp%2Fv2%2Fmedia&parent=16252"}],"wp:term":[{"taxonomy":"product_cat","embeddable":true,"href":"https:\/\/wellenreiten-surfen.de\/index.php?rest_route=%2Fwp%2Fv2%2Fproduct_cat&post=16252"},{"taxonomy":"product_tag","embeddable":true,"href":"https:\/\/wellenreiten-surfen.de\/index.php?rest_route=%2Fwp%2Fv2%2Fproduct_tag&post=16252"}],"curies":[{"name":"wp","href":"https:\/\/api.w.org\/{rel}","templated":true}]}}