{"id":16256,"date":"2021-04-30T04:37:41","date_gmt":"2021-04-30T04:37:41","guid":{"rendered":"https:\/\/wellenreiten-surfen.de\/?product=mystic-kitesurf-majestic-twintip-boardbag-2020-black"},"modified":"2023-04-06T23:11:40","modified_gmt":"2023-04-06T23:11:40","slug":"mystic-kitesurf-majestic-twintip-boardbag-2020-black","status":"publish","type":"product","link":"https:\/\/wellenreiten-surfen.de\/?product=mystic-kitesurf-majestic-twintip-boardbag-2020-black","title":{"rendered":"Mystic Majestic Twintip Boardbag"},"content":{"rendered":"<div id='gallery-1' class='gallery galleryid-16256 gallery-columns-3 gallery-size-thumbnail'><figure class='gallery-item'>\n\t\t\t<div class='gallery-icon landscape'>\n\t\t\t\t<a href='https:\/\/wellenreiten-surfen.de\/?attachment_id=16257'><img width=\"150\" height=\"150\" src=\"https:\/\/images-na.ssl-images-amazon.com\/images\/I\/319ZNL-%2BrAL._SS150_.jpg\" class=\"attachment-thumbnail size-thumbnail\" alt=\"\" decoding=\"async\" loading=\"lazy\" srcset=\"https:\/\/images-na.ssl-images-amazon.com\/images\/I\/319ZNL-%2BrAL._SS150_.jpg 150w, https:\/\/images-na.ssl-images-amazon.com\/images\/I\/319ZNL-%2BrAL._SS300_.jpg 300w, https:\/\/images-na.ssl-images-amazon.com\/images\/I\/319ZNL-%2BrAL._SS768_.jpg 768w, https:\/\/images-na.ssl-images-amazon.com\/images\/I\/319ZNL-%2BrAL._SS1024_.jpg 1024w, https:\/\/images-na.ssl-images-amazon.com\/images\/I\/319ZNL-%2BrAL._SS1536_.jpg 1536w, https:\/\/images-na.ssl-images-amazon.com\/images\/I\/319ZNL-%2BrAL._SS2048_.jpg 2048w, https:\/\/images-na.ssl-images-amazon.com\/images\/I\/319ZNL-%2BrAL._SS80_.jpg 80w, https:\/\/images-na.ssl-images-amazon.com\/images\/I\/319ZNL-%2BrAL._SS200_.jpg 200w, https:\/\/images-na.ssl-images-amazon.com\/images\/I\/319ZNL-%2BrAL.jpg 500w, https:\/\/images-na.ssl-images-amazon.com\/images\/I\/319ZNL-%2BrAL._SS450_.jpg 450w, https:\/\/images-na.ssl-images-amazon.com\/images\/I\/319ZNL-%2BrAL._SS1400_.jpg 1400w, https:\/\/images-na.ssl-images-amazon.com\/images\/I\/319ZNL-%2BrAL._SS180_.jpg 180w, https:\/\/images-na.ssl-images-amazon.com\/images\/I\/319ZNL-%2BrAL._SS600_.jpg 600w, https:\/\/images-na.ssl-images-amazon.com\/images\/I\/319ZNL-%2BrAL._SS100_.jpg 100w\" sizes=\"(max-width: 150px) 100vw, 150px\" \/><\/a>\n\t\t\t<\/div><\/figure><figure class='gallery-item'>\n\t\t\t<div class='gallery-icon landscape'>\n\t\t\t\t<a href='https:\/\/wellenreiten-surfen.de\/?attachment_id=16258'><img width=\"150\" height=\"150\" src=\"https:\/\/images-na.ssl-images-amazon.com\/images\/I\/31-SoIWQTJL._SS150_.jpg\" class=\"attachment-thumbnail size-thumbnail\" alt=\"\" decoding=\"async\" loading=\"lazy\" srcset=\"https:\/\/images-na.ssl-images-amazon.com\/images\/I\/31-SoIWQTJL._SS150_.jpg 150w, https:\/\/images-na.ssl-images-amazon.com\/images\/I\/31-SoIWQTJL._SS300_.jpg 300w, https:\/\/images-na.ssl-images-amazon.com\/images\/I\/31-SoIWQTJL._SS768_.jpg 768w, https:\/\/images-na.ssl-images-amazon.com\/images\/I\/31-SoIWQTJL._SS1024_.jpg 1024w, https:\/\/images-na.ssl-images-amazon.com\/images\/I\/31-SoIWQTJL._SS1536_.jpg 1536w, https:\/\/images-na.ssl-images-amazon.com\/images\/I\/31-SoIWQTJL._SS2048_.jpg 2048w, https:\/\/images-na.ssl-images-amazon.com\/images\/I\/31-SoIWQTJL._SS80_.jpg 80w, https:\/\/images-na.ssl-images-amazon.com\/images\/I\/31-SoIWQTJL._SS200_.jpg 200w, https:\/\/images-na.ssl-images-amazon.com\/images\/I\/31-SoIWQTJL.jpg 500w, https:\/\/images-na.ssl-images-amazon.com\/images\/I\/31-SoIWQTJL._SS450_.jpg 450w, https:\/\/images-na.ssl-images-amazon.com\/images\/I\/31-SoIWQTJL._SS1400_.jpg 1400w, https:\/\/images-na.ssl-images-amazon.com\/images\/I\/31-SoIWQTJL._SS180_.jpg 180w, https:\/\/images-na.ssl-images-amazon.com\/images\/I\/31-SoIWQTJL._SS600_.jpg 600w, https:\/\/images-na.ssl-images-amazon.com\/images\/I\/31-SoIWQTJL._SS100_.jpg 100w\" sizes=\"(max-width: 150px) 100vw, 150px\" \/><\/a>\n\t\t\t<\/div><\/figure><figure class='gallery-item'>\n\t\t\t<div class='gallery-icon landscape'>\n\t\t\t\t<a href='https:\/\/wellenreiten-surfen.de\/?attachment_id=16259'><img width=\"150\" height=\"150\" src=\"https:\/\/images-na.ssl-images-amazon.com\/images\/I\/413PTl0jsOL._SS150_.jpg\" class=\"attachment-thumbnail size-thumbnail\" alt=\"\" decoding=\"async\" loading=\"lazy\" srcset=\"https:\/\/images-na.ssl-images-amazon.com\/images\/I\/413PTl0jsOL._SS150_.jpg 150w, https:\/\/images-na.ssl-images-amazon.com\/images\/I\/413PTl0jsOL._SS300_.jpg 300w, https:\/\/images-na.ssl-images-amazon.com\/images\/I\/413PTl0jsOL._SS768_.jpg 768w, https:\/\/images-na.ssl-images-amazon.com\/images\/I\/413PTl0jsOL._SS1024_.jpg 1024w, https:\/\/images-na.ssl-images-amazon.com\/images\/I\/413PTl0jsOL._SS1536_.jpg 1536w, https:\/\/images-na.ssl-images-amazon.com\/images\/I\/413PTl0jsOL._SS2048_.jpg 2048w, https:\/\/images-na.ssl-images-amazon.com\/images\/I\/413PTl0jsOL._SS80_.jpg 80w, https:\/\/images-na.ssl-images-amazon.com\/images\/I\/413PTl0jsOL._SS200_.jpg 200w, https:\/\/images-na.ssl-images-amazon.com\/images\/I\/413PTl0jsOL.jpg 500w, https:\/\/images-na.ssl-images-amazon.com\/images\/I\/413PTl0jsOL._SS450_.jpg 450w, https:\/\/images-na.ssl-images-amazon.com\/images\/I\/413PTl0jsOL._SS1400_.jpg 1400w, https:\/\/images-na.ssl-images-amazon.com\/images\/I\/413PTl0jsOL._SS180_.jpg 180w, https:\/\/images-na.ssl-images-amazon.com\/images\/I\/413PTl0jsOL._SS600_.jpg 600w, https:\/\/images-na.ssl-images-amazon.com\/images\/I\/413PTl0jsOL._SS100_.jpg 100w\" sizes=\"(max-width: 150px) 100vw, 150px\" \/><\/a>\n\t\t\t<\/div><\/figure>\n\t\t<\/div>\n<br \/>\n<!-- show up to 2 reviews by default --> <\/p>\n<p>Das Majestic Twintip Boardbag von Mystic hilft dir bei einem abenteuerreichen Tag auf dem Wasser dein Board und die wichtigsten Sachen sicher zu verstauen. So hast du alles zusammen und kannst es einfach transportieren. <br \/>Achtung: Als Artikelbild ist immer die Gr\u00f6\u00dfe 145 cm dargestellt. Deine Auswahl entscheidet \u00fcber die tats\u00e4chliche Gr\u00f6\u00dfe.<br \/>Merkmale:<br \/>HXcomb shell<br \/>PVC \u00fcberzogener 600D Polyester<br \/>strapazierf\u00e4higer Rei\u00dfverschluss<br \/>Ergonomischer Schultergurt (einstellbar\/abnehmbar)<br \/>Tragegriff<br \/>3D Netzbel\u00fcftung<br \/>Gr\u00f6\u00dfentabelle<\/p>\n<p>L\u00e4nge<br \/>Breite<br \/>H\u00f6he<\/p>\n<p>135 cm<br \/>42 cm<br \/>10 cm<\/p>\n<p>145 cm<br \/>45 cm<br \/>10 cm<\/p>\n<p>165 cm<br \/>50 cm<br \/>10 cm<\/p>\n<p>135 x 42 x 10 cm<br \/>\nHXcomb-Shell. Ergonomischer Schultergurt. Tragegriff. Solar reflektierendes Gewebe. 3D Mesh Airvent<br \/>\nPVC-beschichtetes 600D Polyester<br \/>\nSchwerer Rei\u00dfverschluss<br \/>\nEVA bildete Schulterflecken<br \/>\n<div class=\"main-cross-sell\" data-asin=\"B07GGR4HPJ\">\n\n\t<div class=\"WooZone-cross-sell-loader\">\n\t\t<div>\n\t\t\t<div id=\"floatingBarsG\">\n\t\t\t\t<div class=\"blockG\" id=\"rotateG_01\"><\/div>\n\t\t\t\t<div class=\"blockG\" id=\"rotateG_02\"><\/div>\n\t\t\t\t<div class=\"blockG\" id=\"rotateG_03\"><\/div>\n\t\t\t\t<div class=\"blockG\" id=\"rotateG_04\"><\/div>\n\t\t\t\t<div class=\"blockG\" id=\"rotateG_05\"><\/div>\n\t\t\t\t<div class=\"blockG\" id=\"rotateG_06\"><\/div>\n\t\t\t\t<div class=\"blockG\" id=\"rotateG_07\"><\/div>\n\t\t\t\t<div class=\"blockG\" id=\"rotateG_08\"><\/div>\n\t\t\t<\/div>\n\t\t\t<div class=\"WooZone-cross-sell-loader-text\"><\/div>\n\t\t<\/div>\n\t<\/div>\n\n\t\t\n<\/div>\n<div style=\"clear:both;\"><\/div>\n","protected":false},"excerpt":{"rendered":"<p>135 x 42 x 10 cm<br \/>\nHXcomb-Shell. Ergonomischer Schultergurt. Tragegriff. Solar reflektierendes Gewebe. 3D Mesh Airvent<br \/>\nPVC-beschichtetes 600D Polyester<\/p>\n","protected":false},"featured_media":16257,"comment_status":"open","ping_status":"closed","template":"","meta":[],"product_cat":[52],"product_tag":[],"_links":{"self":[{"href":"https:\/\/wellenreiten-surfen.de\/index.php?rest_route=\/wp\/v2\/product\/16256"}],"collection":[{"href":"https:\/\/wellenreiten-surfen.de\/index.php?rest_route=\/wp\/v2\/product"}],"about":[{"href":"https:\/\/wellenreiten-surfen.de\/index.php?rest_route=\/wp\/v2\/types\/product"}],"replies":[{"embeddable":true,"href":"https:\/\/wellenreiten-surfen.de\/index.php?rest_route=%2Fwp%2Fv2%2Fcomments&post=16256"}],"wp:featuredmedia":[{"embeddable":true,"href":"https:\/\/wellenreiten-surfen.de\/index.php?rest_route=\/wp\/v2\/media\/16257"}],"wp:attachment":[{"href":"https:\/\/wellenreiten-surfen.de\/index.php?rest_route=%2Fwp%2Fv2%2Fmedia&parent=16256"}],"wp:term":[{"taxonomy":"product_cat","embeddable":true,"href":"https:\/\/wellenreiten-surfen.de\/index.php?rest_route=%2Fwp%2Fv2%2Fproduct_cat&post=16256"},{"taxonomy":"product_tag","embeddable":true,"href":"https:\/\/wellenreiten-surfen.de\/index.php?rest_route=%2Fwp%2Fv2%2Fproduct_tag&post=16256"}],"curies":[{"name":"wp","href":"https:\/\/api.w.org\/{rel}","templated":true}]}}